{"id":24465,"date":"2025-05-03T11:37:29","date_gmt":"2025-05-03T09:37:29","guid":{"rendered":"https:\/\/jaime-save.geekworkers.dev\/?post_type=product&#038;p=24465"},"modified":"2026-02-27T09:49:28","modified_gmt":"2026-02-27T08:49:28","slug":"huile-dolive-extra-vierge-au-basilic-200-ml","status":"publish","type":"product","link":"https:\/\/jaimeconcept.ch\/en\/product\/huile-dolive-extra-vierge-au-basilic-200-ml\/","title":{"rendered":"Extra virgin olive oil with basil - 200 ml"},"content":{"rendered":"<table width=\"2047\">\n<tbody>\n<tr>\n<td width=\"2047\">Comment am\u00e9liorer un classique ? Ajoutez-y plus de saveur ! L&#8217;huile d&#8217;olive vierge extra de &#8220;Yiayia and friends&#8221;, \u00e0 faible acidit\u00e9 et \u00e0 haute valeur nutritionnelle, est enrichie de la saveur exaltante du basilic parfum\u00e9. Disponible en flacon de 200 ml.<\/td>\n<\/tr>\n<\/tbody>\n<\/table>","protected":false},"excerpt":{"rendered":"<p>Chez Yiayia, le naturel est toujours meilleur. Une huile d&#8217;olive de Cr\u00e8te d&#8217;une qualit\u00e9 exceptionnelle. Sans additifs ind\u00e9sirables, juste la douceur naturelle.<\/p>","protected":false},"featured_media":24303,"comment_status":"closed","ping_status":"closed","template":"","meta":[],"product_brand":[],"product_cat":[475],"product_tag":[],"class_list":{"0":"post-24465","1":"product","2":"type-product","3":"status-publish","4":"has-post-thumbnail","6":"product_cat-huiles","8":"first","9":"instock","10":"taxable","11":"shipping-taxable","12":"purchasable","13":"product-type-simple"},"_links":{"self":[{"href":"https:\/\/jaimeconcept.ch\/en\/wp-json\/wp\/v2\/product\/24465","targetHints":{"allow":["GET"]}}],"collection":[{"href":"https:\/\/jaimeconcept.ch\/en\/wp-json\/wp\/v2\/product"}],"about":[{"href":"https:\/\/jaimeconcept.ch\/en\/wp-json\/wp\/v2\/types\/product"}],"replies":[{"embeddable":true,"href":"https:\/\/jaimeconcept.ch\/en\/wp-json\/wp\/v2\/comments?post=24465"}],"wp:featuredmedia":[{"embeddable":true,"href":"https:\/\/jaimeconcept.ch\/en\/wp-json\/wp\/v2\/media\/24303"}],"wp:attachment":[{"href":"https:\/\/jaimeconcept.ch\/en\/wp-json\/wp\/v2\/media?parent=24465"}],"wp:term":[{"taxonomy":"product_brand","embeddable":true,"href":"https:\/\/jaimeconcept.ch\/en\/wp-json\/wp\/v2\/product_brand?post=24465"},{"taxonomy":"product_cat","embeddable":true,"href":"https:\/\/jaimeconcept.ch\/en\/wp-json\/wp\/v2\/product_cat?post=24465"},{"taxonomy":"product_tag","embeddable":true,"href":"https:\/\/jaimeconcept.ch\/en\/wp-json\/wp\/v2\/product_tag?post=24465"}],"curies":[{"name":"wp","href":"https:\/\/api.w.org\/{rel}","templated":true}]}}