{"id":24458,"date":"2025-05-03T11:15:19","date_gmt":"2025-05-03T09:15:19","guid":{"rendered":"https:\/\/jaime-save.geekworkers.dev\/?post_type=product&#038;p=24458"},"modified":"2026-04-27T18:08:34","modified_gmt":"2026-04-27T16:08:34","slug":"tasse-je-vous-emmerde-cordialement","status":"publish","type":"product","link":"https:\/\/jaimeconcept.ch\/en\/product\/tasse-je-vous-emmerde-cordialement\/","title":{"rendered":"I'll give you a hearty fuck\u201c mug\u201d"},"content":{"rendered":"<table width=\"2047\">\n<tbody>\n<tr>\n<td width=\"2047\">Mug \u00e0 message de la marque &#8220;Bibiche fait son cirque&#8221;. Cr\u00e9ation Fran\u00e7aise. Impression \u00e0 la main dans leur atelier en Provence \u2600\ufe0f<\/p>\n<p>Contenance 250 ml<\/p>\n<p>Dimensions : diam\u00e8tre 90 mm \/ hauteur 80 mm. En c\u00e9ramique.<\/td>\n<\/tr>\n<\/tbody>\n<\/table>","protected":false},"excerpt":{"rendered":"<p>D\u00e9couvrez nos magnifiques tasses de chez &#8220;Bibiche fait son cirque&#8221;.<\/p>","protected":false},"featured_media":24328,"comment_status":"closed","ping_status":"closed","template":"","meta":[],"product_brand":[],"product_cat":[99,452],"product_tag":[],"class_list":{"0":"post-24458","1":"product","2":"type-product","3":"status-publish","4":"has-post-thumbnail","6":"product_cat-arts-de-la-table","7":"product_cat-tasses-gobelets-verres","9":"first","10":"instock","11":"taxable","12":"shipping-taxable","13":"purchasable","14":"product-type-simple"},"_links":{"self":[{"href":"https:\/\/jaimeconcept.ch\/en\/wp-json\/wp\/v2\/product\/24458","targetHints":{"allow":["GET"]}}],"collection":[{"href":"https:\/\/jaimeconcept.ch\/en\/wp-json\/wp\/v2\/product"}],"about":[{"href":"https:\/\/jaimeconcept.ch\/en\/wp-json\/wp\/v2\/types\/product"}],"replies":[{"embeddable":true,"href":"https:\/\/jaimeconcept.ch\/en\/wp-json\/wp\/v2\/comments?post=24458"}],"wp:featuredmedia":[{"embeddable":true,"href":"https:\/\/jaimeconcept.ch\/en\/wp-json\/wp\/v2\/media\/24328"}],"wp:attachment":[{"href":"https:\/\/jaimeconcept.ch\/en\/wp-json\/wp\/v2\/media?parent=24458"}],"wp:term":[{"taxonomy":"product_brand","embeddable":true,"href":"https:\/\/jaimeconcept.ch\/en\/wp-json\/wp\/v2\/product_brand?post=24458"},{"taxonomy":"product_cat","embeddable":true,"href":"https:\/\/jaimeconcept.ch\/en\/wp-json\/wp\/v2\/product_cat?post=24458"},{"taxonomy":"product_tag","embeddable":true,"href":"https:\/\/jaimeconcept.ch\/en\/wp-json\/wp\/v2\/product_tag?post=24458"}],"curies":[{"name":"wp","href":"https:\/\/api.w.org\/{rel}","templated":true}]}}