{"id":23824,"date":"2025-04-11T10:21:52","date_gmt":"2025-04-11T08:21:52","guid":{"rendered":"https:\/\/jaime-save.geekworkers.dev\/?post_type=product&#038;p=23824"},"modified":"2026-02-12T11:16:49","modified_gmt":"2026-02-12T10:16:49","slug":"une-fessee-et-au-lit-bougie-aphrodisiaque","status":"publish","type":"product","link":"https:\/\/jaimeconcept.ch\/en\/product\/une-fessee-et-au-lit-bougie-aphrodisiaque\/","title":{"rendered":"A spanking and into bed | Aphrodisiac candle\u201c"},"content":{"rendered":"<p class=\"p1\">Ce soir c&#8217;est le grand soir, votre crush vient chez vous pour la premi\u00e8re fois. Alors vous avez d\u00e9congel\u00e9 les feuillet\u00e9s \u00e0 la saucisse,\u00a0sorti votre meilleure bouteille, enfil\u00e9 vos chaussettes porte-bonheur, chang\u00e9 les draps et\u00a0cach\u00e9 les v\u00eatements sales sous le lit. Vous n&#8217;avez pas l&#8217;impression d&#8217;avoir oubli\u00e9 quelque chose ? Ah oui, la bougie. On sait jamais, sur un malentendu, \u00e7a peut marcher.<\/p>","protected":false},"excerpt":{"rendered":"<table width=\"967\">\n<tbody>\n<tr>\n<td width=\"967\">Scented candle containing a lithotherapy stone. Net weight : 310g - Burning time : 60 hours<\/td>\n<\/tr>\n<\/tbody>\n<\/table>","protected":false},"featured_media":23817,"comment_status":"closed","ping_status":"closed","template":"","meta":[],"product_brand":[],"product_cat":[80],"product_tag":[],"class_list":{"0":"post-23824","1":"product","2":"type-product","3":"status-publish","4":"has-post-thumbnail","6":"product_cat-bougies","8":"first","9":"outofstock","10":"taxable","11":"shipping-taxable","12":"purchasable","13":"product-type-simple"},"_links":{"self":[{"href":"https:\/\/jaimeconcept.ch\/en\/wp-json\/wp\/v2\/product\/23824","targetHints":{"allow":["GET"]}}],"collection":[{"href":"https:\/\/jaimeconcept.ch\/en\/wp-json\/wp\/v2\/product"}],"about":[{"href":"https:\/\/jaimeconcept.ch\/en\/wp-json\/wp\/v2\/types\/product"}],"replies":[{"embeddable":true,"href":"https:\/\/jaimeconcept.ch\/en\/wp-json\/wp\/v2\/comments?post=23824"}],"wp:featuredmedia":[{"embeddable":true,"href":"https:\/\/jaimeconcept.ch\/en\/wp-json\/wp\/v2\/media\/23817"}],"wp:attachment":[{"href":"https:\/\/jaimeconcept.ch\/en\/wp-json\/wp\/v2\/media?parent=23824"}],"wp:term":[{"taxonomy":"product_brand","embeddable":true,"href":"https:\/\/jaimeconcept.ch\/en\/wp-json\/wp\/v2\/product_brand?post=23824"},{"taxonomy":"product_cat","embeddable":true,"href":"https:\/\/jaimeconcept.ch\/en\/wp-json\/wp\/v2\/product_cat?post=23824"},{"taxonomy":"product_tag","embeddable":true,"href":"https:\/\/jaimeconcept.ch\/en\/wp-json\/wp\/v2\/product_tag?post=23824"}],"curies":[{"name":"wp","href":"https:\/\/api.w.org\/{rel}","templated":true}]}}