{"id":23820,"date":"2025-04-11T10:15:26","date_gmt":"2025-04-11T08:15:26","guid":{"rendered":"https:\/\/jaime-save.geekworkers.dev\/?post_type=product&#038;p=23820"},"modified":"2026-04-23T15:00:03","modified_gmt":"2026-04-23T13:00:03","slug":"on-avait-dit-juste-un-verre-bougie-anti-gueule-de-bois","status":"publish","type":"product","link":"https:\/\/jaimeconcept.ch\/en\/product\/on-avait-dit-juste-un-verre-bougie-anti-gueule-de-bois\/","title":{"rendered":"We said just a drink | Hangover candle\u201c"},"content":{"rendered":"<p class=\"p1\">Encore une fois, vous aviez dit \u00ab\u00a0juste un verre\u00a0\u00bb, et deux heures plus tard vous chantiez du C\u00e9line Dion debout sur le bar. Et vous voil\u00e0 affal\u00e9\u00a0tel un phoque en fin de vie sur votre lit, \u00e0 chercher d\u00e9sesp\u00e9r\u00e9ment dans les tr\u00e9fonds du web un rem\u00e8de \u00e0 votre gueule de bois. Heureusement pour vous, cette bougie aux huiles essentielles de menthe poivr\u00e9e, d\u2019ylang-ylang, de citron et de g\u00e9ranium est la solution parfaite pour soulager vos lendemains de soir\u00e9e difficile. You&#8217;re welcome !<\/p>","protected":false},"excerpt":{"rendered":"<table width=\"967\">\n<tbody>\n<tr>\n<td width=\"967\">Scented candle containing a lithotherapy stone. Net weight : 310g - Burning time : 60 hours<\/td>\n<\/tr>\n<\/tbody>\n<\/table>","protected":false},"featured_media":23819,"comment_status":"closed","ping_status":"closed","template":"","meta":[],"product_brand":[],"product_cat":[80],"product_tag":[],"class_list":{"0":"post-23820","1":"product","2":"type-product","3":"status-publish","4":"has-post-thumbnail","6":"product_cat-bougies","8":"first","9":"instock","10":"taxable","11":"shipping-taxable","12":"purchasable","13":"product-type-simple"},"_links":{"self":[{"href":"https:\/\/jaimeconcept.ch\/en\/wp-json\/wp\/v2\/product\/23820","targetHints":{"allow":["GET"]}}],"collection":[{"href":"https:\/\/jaimeconcept.ch\/en\/wp-json\/wp\/v2\/product"}],"about":[{"href":"https:\/\/jaimeconcept.ch\/en\/wp-json\/wp\/v2\/types\/product"}],"replies":[{"embeddable":true,"href":"https:\/\/jaimeconcept.ch\/en\/wp-json\/wp\/v2\/comments?post=23820"}],"wp:featuredmedia":[{"embeddable":true,"href":"https:\/\/jaimeconcept.ch\/en\/wp-json\/wp\/v2\/media\/23819"}],"wp:attachment":[{"href":"https:\/\/jaimeconcept.ch\/en\/wp-json\/wp\/v2\/media?parent=23820"}],"wp:term":[{"taxonomy":"product_brand","embeddable":true,"href":"https:\/\/jaimeconcept.ch\/en\/wp-json\/wp\/v2\/product_brand?post=23820"},{"taxonomy":"product_cat","embeddable":true,"href":"https:\/\/jaimeconcept.ch\/en\/wp-json\/wp\/v2\/product_cat?post=23820"},{"taxonomy":"product_tag","embeddable":true,"href":"https:\/\/jaimeconcept.ch\/en\/wp-json\/wp\/v2\/product_tag?post=23820"}],"curies":[{"name":"wp","href":"https:\/\/api.w.org\/{rel}","templated":true}]}}