{"id":18443,"date":"2024-11-27T13:10:49","date_gmt":"2024-11-27T12:10:49","guid":{"rendered":"https:\/\/jaime-save.geekworkers.dev\/?post_type=product&#038;p=18443"},"modified":"2026-03-21T10:02:47","modified_gmt":"2026-03-21T09:02:47","slug":"huilier-olives-350-ml","status":"publish","type":"product","link":"https:\/\/jaimeconcept.ch\/en\/product\/huilier-olives-350-ml\/","title":{"rendered":"Olive oiler 350 ml"},"content":{"rendered":"<p>CADEAU PARFAIT. Pour les amateurs de cuisine, d&#8217;objets originaux ou d&#8217;huile d&#8217;olive.<\/p>\n<p>DESIGN ORIGINAL. Un d\u00e9tail unique \u00e0 l&#8217;int\u00e9rieur du huillier ajoute \u00e9l\u00e9gance et sophistication \u00e0 votre cuisine. Il vous permet aussi de rep\u00e9rer facilement l&#8217;huile de votre choix.<\/p>\n<p>HAUTE QUALIT\u00c9. Le borosilicate, en comparaison avec le verre traditionnel, est choisi pour sa grande r\u00e9sistance \u00e0 la chaleur et aux produits chimiques.<\/p>\n<p>SYST\u00c8ME ANTI-GOUTTE. La partie sup\u00e9rieure est con\u00e7ue pour r\u00e9cup\u00e8rer les gouttes rest\u00e9es dans le bec verseur.<\/p>\n<p>Dimensions: 21,5&#215;6,4&#215;6,4 cm &#8211; Mat\u00e9riel: verre &#8211; Design: Balvi<\/p>","protected":false},"excerpt":{"rendered":"<p>CADEAU PARFAIT. Pour les amateurs de cuisine, d&#8217;objets originaux ou d&#8217;huile d&#8217;olive. DESIGN ORIGINAL. Un d\u00e9tail unique \u00e0 l&#8217;int\u00e9rieur du huillier ajoute \u00e9l\u00e9gance et sophistication \u00e0 votre cuisine. Il vous permet aussi de rep\u00e9rer facilement l&#8217;huile de votre choix. HAUTE QUALIT\u00c9. Le borosilicate, en comparaison avec le verre traditionnel, est choisi pour sa grande r\u00e9sistance [&hellip;]<\/p>\n","protected":false},"featured_media":18444,"comment_status":"closed","ping_status":"closed","template":"","meta":[],"product_brand":[],"product_cat":[99,417],"product_tag":[],"class_list":{"0":"post-18443","1":"product","2":"type-product","3":"status-publish","4":"has-post-thumbnail","6":"product_cat-arts-de-la-table","7":"product_cat-bouteilles-carafes","9":"first","10":"instock","11":"taxable","12":"shipping-taxable","13":"purchasable","14":"product-type-simple"},"_links":{"self":[{"href":"https:\/\/jaimeconcept.ch\/en\/wp-json\/wp\/v2\/product\/18443","targetHints":{"allow":["GET"]}}],"collection":[{"href":"https:\/\/jaimeconcept.ch\/en\/wp-json\/wp\/v2\/product"}],"about":[{"href":"https:\/\/jaimeconcept.ch\/en\/wp-json\/wp\/v2\/types\/product"}],"replies":[{"embeddable":true,"href":"https:\/\/jaimeconcept.ch\/en\/wp-json\/wp\/v2\/comments?post=18443"}],"wp:featuredmedia":[{"embeddable":true,"href":"https:\/\/jaimeconcept.ch\/en\/wp-json\/wp\/v2\/media\/18444"}],"wp:attachment":[{"href":"https:\/\/jaimeconcept.ch\/en\/wp-json\/wp\/v2\/media?parent=18443"}],"wp:term":[{"taxonomy":"product_brand","embeddable":true,"href":"https:\/\/jaimeconcept.ch\/en\/wp-json\/wp\/v2\/product_brand?post=18443"},{"taxonomy":"product_cat","embeddable":true,"href":"https:\/\/jaimeconcept.ch\/en\/wp-json\/wp\/v2\/product_cat?post=18443"},{"taxonomy":"product_tag","embeddable":true,"href":"https:\/\/jaimeconcept.ch\/en\/wp-json\/wp\/v2\/product_tag?post=18443"}],"curies":[{"name":"wp","href":"https:\/\/api.w.org\/{rel}","templated":true}]}}