{"id":18413,"date":"2024-11-27T09:50:55","date_gmt":"2024-11-27T08:50:55","guid":{"rendered":"https:\/\/jaime-save.geekworkers.dev\/?post_type=product&#038;p=18413"},"modified":"2026-04-26T12:42:57","modified_gmt":"2026-04-26T10:42:57","slug":"cracker-de-noel-thes-et-infusions-bio","status":"publish","type":"product","link":"https:\/\/jaimeconcept.ch\/en\/product\/cracker-de-noel-thes-et-infusions-bio\/","title":{"rendered":"Christmas Cracker Organic Teas and Infusions"},"content":{"rendered":"<p class=\"\" style=\"white-space: pre-wrap;\">Il \u00e9tait une fois&#8230; notre cracker de No\u00ebl.<\/p>\n<div>\n<p class=\"\">10 organic tea bags to discover Tea Heritage or to give as a gift over the festive season!<\/p>\n<p class=\"\">\u00c0 la recherche d&#8217;un cadeau original pour vos proches ou d&#8217;une petite g\u00e2terie pour vous-m\u00eame pendant les f\u00eates ? Notre Cracker de No\u00ebl est le choix parfait. Offrez ou offrez-vous une Papillote de No\u00ebl remplie de surprises. C&#8217;est aussi beau que bon !<\/p>\n<\/div>","protected":false},"excerpt":{"rendered":"<p>Il \u00e9tait une fois&#8230; notre cracker de No\u00ebl. 10 sachets de th\u00e9 biologiques pour d\u00e9couvrir Tea Heritage ou pour un joli cadeau \u00e0 offrir pendant les f\u00eates ! \u00c0 la recherche d&#8217;un cadeau original pour vos proches ou d&#8217;une petite g\u00e2terie pour vous-m\u00eame pendant les f\u00eates ? Notre Cracker de No\u00ebl est le choix parfait. [&hellip;]<\/p>\n","protected":false},"featured_media":18408,"comment_status":"closed","ping_status":"closed","template":"","meta":[],"product_brand":[],"product_cat":[85,87],"product_tag":[],"class_list":{"0":"post-18413","1":"product","2":"type-product","3":"status-publish","4":"has-post-thumbnail","6":"product_cat-thes","7":"product_cat-en-sachet","8":"pa_fournisseur-tea-heritage","10":"first","11":"instock","12":"taxable","13":"shipping-taxable","14":"purchasable","15":"product-type-simple"},"_links":{"self":[{"href":"https:\/\/jaimeconcept.ch\/en\/wp-json\/wp\/v2\/product\/18413","targetHints":{"allow":["GET"]}}],"collection":[{"href":"https:\/\/jaimeconcept.ch\/en\/wp-json\/wp\/v2\/product"}],"about":[{"href":"https:\/\/jaimeconcept.ch\/en\/wp-json\/wp\/v2\/types\/product"}],"replies":[{"embeddable":true,"href":"https:\/\/jaimeconcept.ch\/en\/wp-json\/wp\/v2\/comments?post=18413"}],"wp:featuredmedia":[{"embeddable":true,"href":"https:\/\/jaimeconcept.ch\/en\/wp-json\/wp\/v2\/media\/18408"}],"wp:attachment":[{"href":"https:\/\/jaimeconcept.ch\/en\/wp-json\/wp\/v2\/media?parent=18413"}],"wp:term":[{"taxonomy":"product_brand","embeddable":true,"href":"https:\/\/jaimeconcept.ch\/en\/wp-json\/wp\/v2\/product_brand?post=18413"},{"taxonomy":"product_cat","embeddable":true,"href":"https:\/\/jaimeconcept.ch\/en\/wp-json\/wp\/v2\/product_cat?post=18413"},{"taxonomy":"product_tag","embeddable":true,"href":"https:\/\/jaimeconcept.ch\/en\/wp-json\/wp\/v2\/product_tag?post=18413"}],"curies":[{"name":"wp","href":"https:\/\/api.w.org\/{rel}","templated":true}]}}