{"id":1639,"date":"2023-02-04T00:51:04","date_gmt":"2023-02-03T23:51:04","guid":{"rendered":"https:\/\/jaime-save.geekworkers.dev\/?post_type=product&#038;p=1639"},"modified":"2026-03-02T10:56:34","modified_gmt":"2026-03-02T09:56:34","slug":"jonc-bouddhiste-tresse-dore-clair","status":"publish","type":"product","link":"https:\/\/jaimeconcept.ch\/en\/product\/jonc-bouddhiste-tresse-dore-clair\/","title":{"rendered":"BUDDHIST RUSH (BRAIDED) - LIGHT GOLD"},"content":{"rendered":"","protected":false},"excerpt":{"rendered":"<p>Marque : Ch\u00e9rie-Sheriff<\/p>\n<p>Aussi appel\u00e9s bracelets bouddhistes, joncs de temples ou Kumla\u00ef.<\/p>\n<p><span style=\"font-style: inherit; font-weight: inherit;\">Joncs souples en plastique transparents, ils sont remplis \u00e0 la feuille d&#8217;or ou de paillettes.<\/span><\/p>\n<p><span style=\"font-style: inherit; font-weight: inherit;\">They're real good luck charms that you can wear day and night. They're very comfortable and light, so they don't make any noise and won't disturb you while you sleep!<\/span><\/p>\n<p><span style=\"font-style: inherit; font-weight: inherit;\">R\u00e9sistant \u00e0 l&#8217;eau. L&#8217;eau savonneuse permettra plus de facilit\u00e9 d&#8217;enfilage et enl\u00e8vera \u00e9galement l&#8217;exc\u00e8s de paillette qui pourrait se trouver sur le bracelet \u00e0 sa r\u00e9ception.<\/span><\/p>","protected":false},"featured_media":1736,"comment_status":"closed","ping_status":"closed","template":"","meta":[],"product_brand":[],"product_cat":[81,82],"product_tag":[],"class_list":{"0":"post-1639","1":"product","2":"type-product","3":"status-publish","4":"has-post-thumbnail","6":"product_cat-bijoux","7":"product_cat-bracelets","8":"pa_fournisseur-cherie-sheriff","10":"first","11":"instock","12":"taxable","13":"shipping-taxable","14":"purchasable","15":"product-type-variable"},"_links":{"self":[{"href":"https:\/\/jaimeconcept.ch\/en\/wp-json\/wp\/v2\/product\/1639","targetHints":{"allow":["GET"]}}],"collection":[{"href":"https:\/\/jaimeconcept.ch\/en\/wp-json\/wp\/v2\/product"}],"about":[{"href":"https:\/\/jaimeconcept.ch\/en\/wp-json\/wp\/v2\/types\/product"}],"replies":[{"embeddable":true,"href":"https:\/\/jaimeconcept.ch\/en\/wp-json\/wp\/v2\/comments?post=1639"}],"wp:featuredmedia":[{"embeddable":true,"href":"https:\/\/jaimeconcept.ch\/en\/wp-json\/wp\/v2\/media\/1736"}],"wp:attachment":[{"href":"https:\/\/jaimeconcept.ch\/en\/wp-json\/wp\/v2\/media?parent=1639"}],"wp:term":[{"taxonomy":"product_brand","embeddable":true,"href":"https:\/\/jaimeconcept.ch\/en\/wp-json\/wp\/v2\/product_brand?post=1639"},{"taxonomy":"product_cat","embeddable":true,"href":"https:\/\/jaimeconcept.ch\/en\/wp-json\/wp\/v2\/product_cat?post=1639"},{"taxonomy":"product_tag","embeddable":true,"href":"https:\/\/jaimeconcept.ch\/en\/wp-json\/wp\/v2\/product_tag?post=1639"}],"curies":[{"name":"wp","href":"https:\/\/api.w.org\/{rel}","templated":true}]}}