{"id":16306,"date":"2024-10-09T08:31:51","date_gmt":"2024-10-09T06:31:51","guid":{"rendered":"https:\/\/jaime-save.geekworkers.dev\/?post_type=product&#038;p=16306"},"modified":"2025-11-01T15:04:16","modified_gmt":"2025-11-01T14:04:16","slug":"vase-rice-petit-champignon-ceramique-rouge","status":"publish","type":"product","link":"https:\/\/jaimeconcept.ch\/en\/product\/vase-rice-petit-champignon-ceramique-rouge\/","title":{"rendered":"Rice\u201c vase - Small Mushroom Ceramic - Red"},"content":{"rendered":"<p>Ramenez l\u2019atmosph\u00e8re de la for\u00eat chez vous gr\u00e2ce \u00e0 cet incroyable vase funky en forme de champignon rouge. En c\u00e9ramique, son chapeau est recouvert de pois rose p\u00e2le \u2013 nous sommes certains que vous allez l\u2019aimer autant que nous\u2026 \u00c0 utiliser dans toutes les pi\u00e8ces de la maison : cuisine, salon, entr\u00e9e pour une touche Everyday Magic !<\/p>\n<p>Hauteur : 12 cm<\/p>\n<p>Diam\u00eatre : 8 cm<\/p>\n<p>Taille : Petit<\/p>\n<p>Contenance (ml) : 150<\/p>\n<p>Mat\u00e9riau : C\u00e9ramique<\/p>","protected":false},"excerpt":{"rendered":"<p>Rice is a Danish accessories and decor company, best known for its colourful melamine. The Rice universe is full of clever, warm items that are funky yet basic and super-practical. The designs are created in a festive spirit and are full of cute, clever little details. In short, everything at rice is fun, funky and functional.<\/p>","protected":false},"featured_media":16301,"comment_status":"closed","ping_status":"closed","template":"","meta":[],"product_brand":[],"product_cat":[92,93],"product_tag":[],"class_list":{"0":"post-16306","1":"product","2":"type-product","3":"status-publish","4":"has-post-thumbnail","6":"product_cat-decoration-lifestyle","7":"product_cat-vases","9":"first","10":"instock","11":"taxable","12":"shipping-taxable","13":"purchasable","14":"product-type-simple"},"_links":{"self":[{"href":"https:\/\/jaimeconcept.ch\/en\/wp-json\/wp\/v2\/product\/16306","targetHints":{"allow":["GET"]}}],"collection":[{"href":"https:\/\/jaimeconcept.ch\/en\/wp-json\/wp\/v2\/product"}],"about":[{"href":"https:\/\/jaimeconcept.ch\/en\/wp-json\/wp\/v2\/types\/product"}],"replies":[{"embeddable":true,"href":"https:\/\/jaimeconcept.ch\/en\/wp-json\/wp\/v2\/comments?post=16306"}],"wp:featuredmedia":[{"embeddable":true,"href":"https:\/\/jaimeconcept.ch\/en\/wp-json\/wp\/v2\/media\/16301"}],"wp:attachment":[{"href":"https:\/\/jaimeconcept.ch\/en\/wp-json\/wp\/v2\/media?parent=16306"}],"wp:term":[{"taxonomy":"product_brand","embeddable":true,"href":"https:\/\/jaimeconcept.ch\/en\/wp-json\/wp\/v2\/product_brand?post=16306"},{"taxonomy":"product_cat","embeddable":true,"href":"https:\/\/jaimeconcept.ch\/en\/wp-json\/wp\/v2\/product_cat?post=16306"},{"taxonomy":"product_tag","embeddable":true,"href":"https:\/\/jaimeconcept.ch\/en\/wp-json\/wp\/v2\/product_tag?post=16306"}],"curies":[{"name":"wp","href":"https:\/\/api.w.org\/{rel}","templated":true}]}}