{"id":15975,"date":"2024-09-28T01:21:58","date_gmt":"2024-09-27T23:21:58","guid":{"rendered":"https:\/\/jaime-save.geekworkers.dev\/?post_type=product&#038;p=15975"},"modified":"2025-06-28T16:14:53","modified_gmt":"2025-06-28T14:14:53","slug":"pelle-a-tarte-bleu-ravishing-radish-print","status":"publish","type":"product","link":"https:\/\/jaimeconcept.ch\/en\/product\/pelle-a-tarte-bleu-ravishing-radish-print\/","title":{"rendered":"Tart server - Blue - Ravishing Radish Print"},"content":{"rendered":"<p>Pimentez votre table au d\u00eener ou votre f\u00eate d\u2019anniversaire avec notre fameuse pelle \u00e0 tarte en m\u00e9lamine \u2013 maintenant dans l\u2019adorable imprim\u00e9 \u201cRavishing Radish\u201d. Sa taille et le mat\u00e9riau la rendent facile \u00e0 utiliser lors de la d\u00e9coupe des g\u00e2teaux et encore plus facile \u00e0 nettoyer apr\u00e8s utilisation \u2013 il suffit de la mettre au lave-vaisselle !<\/p>\n<p>Longueur : 26 cm<\/p>","protected":false},"excerpt":{"rendered":"<p>Rice is a Danish accessories and decor company, best known for its colourful melamine. The Rice universe is full of clever, warm items that are funky yet basic and super-practical. The designs are created in a festive spirit and are full of cute, clever little details. In short, everything at rice is fun, funky and functional.<\/p>","protected":false},"featured_media":15948,"comment_status":"closed","ping_status":"closed","template":"","meta":[],"product_brand":[],"product_cat":[99,453],"product_tag":[],"class_list":{"0":"post-15975","1":"product","2":"type-product","3":"status-publish","4":"has-post-thumbnail","6":"product_cat-arts-de-la-table","7":"product_cat-ustensiles","9":"first","10":"instock","11":"taxable","12":"shipping-taxable","13":"purchasable","14":"product-type-simple"},"_links":{"self":[{"href":"https:\/\/jaimeconcept.ch\/en\/wp-json\/wp\/v2\/product\/15975","targetHints":{"allow":["GET"]}}],"collection":[{"href":"https:\/\/jaimeconcept.ch\/en\/wp-json\/wp\/v2\/product"}],"about":[{"href":"https:\/\/jaimeconcept.ch\/en\/wp-json\/wp\/v2\/types\/product"}],"replies":[{"embeddable":true,"href":"https:\/\/jaimeconcept.ch\/en\/wp-json\/wp\/v2\/comments?post=15975"}],"wp:featuredmedia":[{"embeddable":true,"href":"https:\/\/jaimeconcept.ch\/en\/wp-json\/wp\/v2\/media\/15948"}],"wp:attachment":[{"href":"https:\/\/jaimeconcept.ch\/en\/wp-json\/wp\/v2\/media?parent=15975"}],"wp:term":[{"taxonomy":"product_brand","embeddable":true,"href":"https:\/\/jaimeconcept.ch\/en\/wp-json\/wp\/v2\/product_brand?post=15975"},{"taxonomy":"product_cat","embeddable":true,"href":"https:\/\/jaimeconcept.ch\/en\/wp-json\/wp\/v2\/product_cat?post=15975"},{"taxonomy":"product_tag","embeddable":true,"href":"https:\/\/jaimeconcept.ch\/en\/wp-json\/wp\/v2\/product_tag?post=15975"}],"curies":[{"name":"wp","href":"https:\/\/api.w.org\/{rel}","templated":true}]}}