{"id":15966,"date":"2024-09-28T00:46:29","date_gmt":"2024-09-27T22:46:29","guid":{"rendered":"https:\/\/jaime-save.geekworkers.dev\/?post_type=product&#038;p=15966"},"modified":"2024-09-28T00:53:43","modified_gmt":"2024-09-27T22:53:43","slug":"saladier-vert-ravishing-radish-print","status":"publish","type":"product","link":"https:\/\/jaimeconcept.ch\/en\/product\/saladier-vert-ravishing-radish-print\/","title":{"rendered":"Salad bowl - Green - Ravishing Radish Print"},"content":{"rendered":"<div class=\"product-block\">Le grand saladier en m\u00e9lamine dans l\u2019amusant motif \u201cRavishing Radish\u201d est pratique pour tout&#8230; pour une salade ou peut-\u00eatre pour p\u00e9trir une p\u00e2te&#8230; ou encore pour ranger certains de vos effets personnels. Utilisez-le selon vos besoins\u00a0!<\/div>\n<p><span style=\"font-size: 14.4px;\">Height: 8 cm<\/span><\/p>\n<p>Diameter: 29.9 cm<\/p>","protected":false},"excerpt":{"rendered":"<p>Rice is a Danish accessories and decor company, best known for its colourful melamine. The Rice universe is full of clever, warm items that are funky yet basic and super-practical. The designs are created in a festive spirit and are full of cute, clever little details. In short, everything at rice is fun, funky and functional.<\/p>","protected":false},"featured_media":15954,"comment_status":"closed","ping_status":"closed","template":"","meta":[],"product_brand":[],"product_cat":[99,454],"product_tag":[],"class_list":{"0":"post-15966","1":"product","2":"type-product","3":"status-publish","4":"has-post-thumbnail","6":"product_cat-arts-de-la-table","7":"product_cat-assiettes-plats","9":"first","10":"instock","11":"taxable","12":"shipping-taxable","13":"purchasable","14":"product-type-simple"},"_links":{"self":[{"href":"https:\/\/jaimeconcept.ch\/en\/wp-json\/wp\/v2\/product\/15966","targetHints":{"allow":["GET"]}}],"collection":[{"href":"https:\/\/jaimeconcept.ch\/en\/wp-json\/wp\/v2\/product"}],"about":[{"href":"https:\/\/jaimeconcept.ch\/en\/wp-json\/wp\/v2\/types\/product"}],"replies":[{"embeddable":true,"href":"https:\/\/jaimeconcept.ch\/en\/wp-json\/wp\/v2\/comments?post=15966"}],"wp:featuredmedia":[{"embeddable":true,"href":"https:\/\/jaimeconcept.ch\/en\/wp-json\/wp\/v2\/media\/15954"}],"wp:attachment":[{"href":"https:\/\/jaimeconcept.ch\/en\/wp-json\/wp\/v2\/media?parent=15966"}],"wp:term":[{"taxonomy":"product_brand","embeddable":true,"href":"https:\/\/jaimeconcept.ch\/en\/wp-json\/wp\/v2\/product_brand?post=15966"},{"taxonomy":"product_cat","embeddable":true,"href":"https:\/\/jaimeconcept.ch\/en\/wp-json\/wp\/v2\/product_cat?post=15966"},{"taxonomy":"product_tag","embeddable":true,"href":"https:\/\/jaimeconcept.ch\/en\/wp-json\/wp\/v2\/product_tag?post=15966"}],"curies":[{"name":"wp","href":"https:\/\/api.w.org\/{rel}","templated":true}]}}