{"id":15906,"date":"2024-09-27T16:09:53","date_gmt":"2024-09-27T14:09:53","guid":{"rendered":"https:\/\/jaime-save.geekworkers.dev\/?post_type=product&#038;p=15906"},"modified":"2026-02-14T14:16:59","modified_gmt":"2026-02-14T13:16:59","slug":"n67-teck-tonka-format-500ml","status":"publish","type":"product","link":"https:\/\/jaimeconcept.ch\/en\/product\/n67-teck-tonka-format-500ml\/","title":{"rendered":"No.67 - Teak Tonka - Size : 500ml"},"content":{"rendered":"<p>Dans les palais persans, le teck, symbole de royaut\u00e9, et la tonka, tr\u00e9sor exotique des jungles sud-am\u00e9ricaines, \u00e9taient jadis offerts en signe d&#8217;alliance.<br \/>\nNotre parfum capture ce lien historique, invitant \u00e0 un voyage sensoriel o\u00f9 les ar\u00f4mes se tissent comme les fils d&#8217;une ancienne diplomatie parfum\u00e9e. Une rencontre olfactive qui transcende les fronti\u00e8res.<\/p>","protected":false},"excerpt":{"rendered":"<p>Dans les palais persans, le teck, symbole de royaut\u00e9, et la tonka, tr\u00e9sor exotique des jungles sud-am\u00e9ricaines, \u00e9taient jadis offerts en signe d&#8217;alliance. Notre parfum capture ce lien historique, invitant \u00e0 un voyage sensoriel o\u00f9 les ar\u00f4mes se tissent comme les fils d&#8217;une ancienne diplomatie parfum\u00e9e. Une rencontre olfactive qui transcende les fronti\u00e8res.<\/p>","protected":false},"featured_media":15903,"comment_status":"closed","ping_status":"closed","template":"","meta":[],"product_brand":[540],"product_cat":[80],"product_tag":[],"class_list":{"0":"post-15906","1":"product","2":"type-product","3":"status-publish","4":"has-post-thumbnail","6":"product_brand-hello-candle","7":"product_cat-bougies","8":"pa_fournisseur-hello-candle","10":"first","11":"instock","12":"taxable","13":"shipping-taxable","14":"purchasable","15":"product-type-simple"},"_links":{"self":[{"href":"https:\/\/jaimeconcept.ch\/en\/wp-json\/wp\/v2\/product\/15906","targetHints":{"allow":["GET"]}}],"collection":[{"href":"https:\/\/jaimeconcept.ch\/en\/wp-json\/wp\/v2\/product"}],"about":[{"href":"https:\/\/jaimeconcept.ch\/en\/wp-json\/wp\/v2\/types\/product"}],"replies":[{"embeddable":true,"href":"https:\/\/jaimeconcept.ch\/en\/wp-json\/wp\/v2\/comments?post=15906"}],"wp:featuredmedia":[{"embeddable":true,"href":"https:\/\/jaimeconcept.ch\/en\/wp-json\/wp\/v2\/media\/15903"}],"wp:attachment":[{"href":"https:\/\/jaimeconcept.ch\/en\/wp-json\/wp\/v2\/media?parent=15906"}],"wp:term":[{"taxonomy":"product_brand","embeddable":true,"href":"https:\/\/jaimeconcept.ch\/en\/wp-json\/wp\/v2\/product_brand?post=15906"},{"taxonomy":"product_cat","embeddable":true,"href":"https:\/\/jaimeconcept.ch\/en\/wp-json\/wp\/v2\/product_cat?post=15906"},{"taxonomy":"product_tag","embeddable":true,"href":"https:\/\/jaimeconcept.ch\/en\/wp-json\/wp\/v2\/product_tag?post=15906"}],"curies":[{"name":"wp","href":"https:\/\/api.w.org\/{rel}","templated":true}]}}