{"id":15580,"date":"2024-09-19T14:53:32","date_gmt":"2024-09-19T12:53:32","guid":{"rendered":"https:\/\/jaime-save.geekworkers.dev\/?post_type=product&#038;p=15580"},"modified":"2025-12-22T19:06:48","modified_gmt":"2025-12-22T18:06:48","slug":"enceinte-rose-alight","status":"publish","type":"product","link":"https:\/\/jaimeconcept.ch\/en\/product\/enceinte-rose-alight\/","title":{"rendered":"aLIGHT\u201c pink speaker\u201d"},"content":{"rendered":"<p><strong>Features<\/strong><\/p>\n<p>Dimensions: 64*51 mm (D*H)<\/p>\n<p>100% recycled plastic<\/p>\n<p>Poids: 100g<\/p>\n<p>Haut-parleur: D40 mm 4\u03a9 5W<\/p>\n<p>Dur\u00e9e de lecture: jusqu&#8217;\u00e0 15 heures<\/p>\n<p>Dur\u00e9e d&#8217;\u00e9clairage: jusqu&#8217;\u00e0 15 heures<\/p>\n<p>Dur\u00e9e de charge: 2 heures (USB)<\/p>\n<p>C\u00e2ble USB-C vers C inclus<\/p>\n<p>Lampe<\/p>\n<p>Aimant<\/p>\n<p>Stereo Play (TWS)<\/p>\n<p>Batterie au lithium de 3.7V, 400mAh<\/p>\n<p>Bluetooth: version 5.1<\/p>\n<p>R\u00e9sistant \u00e0 l&#8217;eau (IPX5)<\/p>\n<p>Port\u00e9e: jusqu&#8217;\u00e0 10m<\/p>\n<p>Puissance d&#8217;entr\u00e9e: 5V \/ 1A<\/p>","protected":false},"excerpt":{"rendered":"<p>Trop mignon et r\u00e9sistant \u00e0 l&#8217;eau, aLIGHT est une combinaison s\u00e9duisante d&#8217;une lampe et d&#8217;un haut-parleur qui illuminera votre quotidien.<\/p>\n<p>Utilisez-le dans la salle de bains et profitez de vos morceaux pr\u00e9f\u00e9r\u00e9s et d&#8217;une lumi\u00e8re apaisante &#8211; ou fixez-le au mur et chantez en m\u00eame temps que les chansons sous la douche.<\/p>\n<p>aLIGHT est livr\u00e9 avec une petite plaque magn\u00e9tique \u00e9quip\u00e9e d&#8217;une bande autocollante. Une fois la plaque fix\u00e9e sur une surface plane, aLIGHT peut \u00eatre facilement mis en place et retir\u00e9. En outre, aLIGHT se colle \u00e9galement \u00e0 d&#8217;autres surfaces m\u00e9talliques, ce qui vous permet d&#8217;\u00e9couter votre podcast pr\u00e9f\u00e9r\u00e9 depuis la porte de votre r\u00e9frig\u00e9rateur, une lampe d&#8217;architecte ou le guidon de votre v\u00e9lo &#8211; les possibilit\u00e9s sont presque infinies.<\/p>\n<p>Vous connaissez quelqu&#8217;un qui a peur du noir? Son \u00e9clairage subtil et sa musique apaisante aideront m\u00eame les enfants les plus r\u00e9calcitrants \u00e0 s&#8217;endormir.<\/p>\n<p>Connectez deux haut-parleurs aLIGHT pour une exp\u00e9rience musicale vibrante avec Stereo Play.<\/p>","protected":false},"featured_media":15540,"comment_status":"closed","ping_status":"closed","template":"","meta":[],"product_brand":[],"product_cat":[451],"product_tag":[],"class_list":{"0":"post-15580","1":"product","2":"type-product","3":"status-publish","4":"has-post-thumbnail","6":"product_cat-high-tech-electronique","8":"first","9":"instock","10":"taxable","11":"shipping-taxable","12":"purchasable","13":"product-type-simple"},"_links":{"self":[{"href":"https:\/\/jaimeconcept.ch\/en\/wp-json\/wp\/v2\/product\/15580","targetHints":{"allow":["GET"]}}],"collection":[{"href":"https:\/\/jaimeconcept.ch\/en\/wp-json\/wp\/v2\/product"}],"about":[{"href":"https:\/\/jaimeconcept.ch\/en\/wp-json\/wp\/v2\/types\/product"}],"replies":[{"embeddable":true,"href":"https:\/\/jaimeconcept.ch\/en\/wp-json\/wp\/v2\/comments?post=15580"}],"wp:featuredmedia":[{"embeddable":true,"href":"https:\/\/jaimeconcept.ch\/en\/wp-json\/wp\/v2\/media\/15540"}],"wp:attachment":[{"href":"https:\/\/jaimeconcept.ch\/en\/wp-json\/wp\/v2\/media?parent=15580"}],"wp:term":[{"taxonomy":"product_brand","embeddable":true,"href":"https:\/\/jaimeconcept.ch\/en\/wp-json\/wp\/v2\/product_brand?post=15580"},{"taxonomy":"product_cat","embeddable":true,"href":"https:\/\/jaimeconcept.ch\/en\/wp-json\/wp\/v2\/product_cat?post=15580"},{"taxonomy":"product_tag","embeddable":true,"href":"https:\/\/jaimeconcept.ch\/en\/wp-json\/wp\/v2\/product_tag?post=15580"}],"curies":[{"name":"wp","href":"https:\/\/api.w.org\/{rel}","templated":true}]}}