{"id":15577,"date":"2024-09-19T14:41:05","date_gmt":"2024-09-19T12:41:05","guid":{"rendered":"https:\/\/jaime-save.geekworkers.dev\/?post_type=product&#038;p=15577"},"modified":"2025-02-14T09:50:00","modified_gmt":"2025-02-14T08:50:00","slug":"lampe-rose-ellie","status":"publish","type":"product","link":"https:\/\/jaimeconcept.ch\/en\/product\/lampe-rose-ellie\/","title":{"rendered":"Ellie\u201c pink lamp\u201d"},"content":{"rendered":"<p><strong>Features<\/strong><\/p>\n<ul>\n<li>Dimensions: D120 x H320 mm.<\/li>\n<li>100% recycled plastic<\/li>\n<li>Supports Qi wireless charging<\/li>\n<li>Output power: 10W<\/li>\n<li>3W digital amplifiers<\/li>\n<li>3 dimmable light settings<\/li>\n<li>Integrated microphone<\/li>\n<li>Bluetooth 5.1<\/li>\n<li>Port\u00e9e: jusqu&#8217;\u00e0 10m<\/li>\n<li>USB-C cable included<\/li>\n<\/ul>","protected":false},"excerpt":{"rendered":"<p>Cette lampe impressionnante est bien plus qu&#8217;une simple source de lumi\u00e8re.\u00a0Ellie est \u00e9galement une enceinte capable de jouer toutes vos chansons pr\u00e9f\u00e9r\u00e9es.<\/p>\n<p>Elle est \u00e9galement remarquablement pratique car elle peut recharger votre t\u00e9l\u00e9phone, vos \u00e9couteurs ou votre enceinte compatible sur sa base.<\/p>\n<p>De plus, elle est \u00e9quip\u00e9e d&#8217;un microphone int\u00e9gr\u00e9 qui vous permet de r\u00e9pondre aux appels.<\/p>\n<p>Que vous la placiez sur votre bureau, une table d&#8217;appoint ou une table de chevet, Ellie vous offrira une commodit\u00e9 ultime.<\/p>\n<p>Ellie n\u00e9cessite une connexion d&#8217;alimentation continue via un adaptateur 9V\/2A (18W) pour fonctionner de mani\u00e8re optimale.<\/p>","protected":false},"featured_media":15543,"comment_status":"closed","ping_status":"closed","template":"","meta":[],"product_brand":[],"product_cat":[451],"product_tag":[],"class_list":{"0":"post-15577","1":"product","2":"type-product","3":"status-publish","4":"has-post-thumbnail","6":"product_cat-high-tech-electronique","8":"first","9":"instock","10":"taxable","11":"shipping-taxable","12":"purchasable","13":"product-type-simple"},"_links":{"self":[{"href":"https:\/\/jaimeconcept.ch\/en\/wp-json\/wp\/v2\/product\/15577","targetHints":{"allow":["GET"]}}],"collection":[{"href":"https:\/\/jaimeconcept.ch\/en\/wp-json\/wp\/v2\/product"}],"about":[{"href":"https:\/\/jaimeconcept.ch\/en\/wp-json\/wp\/v2\/types\/product"}],"replies":[{"embeddable":true,"href":"https:\/\/jaimeconcept.ch\/en\/wp-json\/wp\/v2\/comments?post=15577"}],"wp:featuredmedia":[{"embeddable":true,"href":"https:\/\/jaimeconcept.ch\/en\/wp-json\/wp\/v2\/media\/15543"}],"wp:attachment":[{"href":"https:\/\/jaimeconcept.ch\/en\/wp-json\/wp\/v2\/media?parent=15577"}],"wp:term":[{"taxonomy":"product_brand","embeddable":true,"href":"https:\/\/jaimeconcept.ch\/en\/wp-json\/wp\/v2\/product_brand?post=15577"},{"taxonomy":"product_cat","embeddable":true,"href":"https:\/\/jaimeconcept.ch\/en\/wp-json\/wp\/v2\/product_cat?post=15577"},{"taxonomy":"product_tag","embeddable":true,"href":"https:\/\/jaimeconcept.ch\/en\/wp-json\/wp\/v2\/product_tag?post=15577"}],"curies":[{"name":"wp","href":"https:\/\/api.w.org\/{rel}","templated":true}]}}