{"id":15571,"date":"2024-09-19T14:03:05","date_gmt":"2024-09-19T12:03:05","guid":{"rendered":"https:\/\/jaime-save.geekworkers.dev\/?post_type=product&#038;p=15571"},"modified":"2026-02-14T12:37:17","modified_gmt":"2026-02-14T11:37:17","slug":"tasse-rouge-ho-ho-ho","status":"publish","type":"product","link":"https:\/\/jaimeconcept.ch\/en\/product\/tasse-rouge-ho-ho-ho\/","title":{"rendered":"Ho ho ho\u201c red mug\u201d"},"content":{"rendered":"<p>Tasses pr\u00e9f\u00e9r\u00e9es \u2013 id\u00e9e cadeau pr\u00e9f\u00e9r\u00e9e ! Les tasses tr\u00e8s populaires sont con\u00e7ues dans la meilleure porcelaine \u00e9maill\u00e9e ultra mate avec de jolis mots et citations grav\u00e9s sur le devant. L&#8217;id\u00e9e cadeau parfaite pour vos proches et pour toutes les occasions.<\/p>\n<p>Dimension : H: 8.5 L: 8 W: 8<\/p>","protected":false},"excerpt":{"rendered":"<p>D\u00e9couvrez nos magnifiques tasses de chez &#8220;Design Letters&#8221; en porcelaine \u00e9maill\u00e9e.<\/p>","protected":false},"featured_media":15547,"comment_status":"closed","ping_status":"closed","template":"","meta":[],"product_brand":[],"product_cat":[99,452],"product_tag":[],"class_list":{"0":"post-15571","1":"product","2":"type-product","3":"status-publish","4":"has-post-thumbnail","6":"product_cat-arts-de-la-table","7":"product_cat-tasses-gobelets-verres","9":"first","10":"instock","11":"taxable","12":"shipping-taxable","13":"purchasable","14":"product-type-simple"},"_links":{"self":[{"href":"https:\/\/jaimeconcept.ch\/en\/wp-json\/wp\/v2\/product\/15571","targetHints":{"allow":["GET"]}}],"collection":[{"href":"https:\/\/jaimeconcept.ch\/en\/wp-json\/wp\/v2\/product"}],"about":[{"href":"https:\/\/jaimeconcept.ch\/en\/wp-json\/wp\/v2\/types\/product"}],"replies":[{"embeddable":true,"href":"https:\/\/jaimeconcept.ch\/en\/wp-json\/wp\/v2\/comments?post=15571"}],"wp:featuredmedia":[{"embeddable":true,"href":"https:\/\/jaimeconcept.ch\/en\/wp-json\/wp\/v2\/media\/15547"}],"wp:attachment":[{"href":"https:\/\/jaimeconcept.ch\/en\/wp-json\/wp\/v2\/media?parent=15571"}],"wp:term":[{"taxonomy":"product_brand","embeddable":true,"href":"https:\/\/jaimeconcept.ch\/en\/wp-json\/wp\/v2\/product_brand?post=15571"},{"taxonomy":"product_cat","embeddable":true,"href":"https:\/\/jaimeconcept.ch\/en\/wp-json\/wp\/v2\/product_cat?post=15571"},{"taxonomy":"product_tag","embeddable":true,"href":"https:\/\/jaimeconcept.ch\/en\/wp-json\/wp\/v2\/product_tag?post=15571"}],"curies":[{"name":"wp","href":"https:\/\/api.w.org\/{rel}","templated":true}]}}