{"id":15490,"date":"2024-09-18T10:40:07","date_gmt":"2024-09-18T08:40:07","guid":{"rendered":"https:\/\/jaime-save.geekworkers.dev\/?post_type=product&#038;p=15490"},"modified":"2026-02-09T13:58:34","modified_gmt":"2026-02-09T12:58:34","slug":"carte-cadeau","status":"publish","type":"product","link":"https:\/\/jaimeconcept.ch\/en\/product\/carte-cadeau\/","title":{"rendered":"Gift card"},"content":{"rendered":"<h3><strong>Name :<\/strong><\/h3>\n<p>C&#8217;est le nom de la personne \u00e0 qui vous souhaitez l&#8217;offrir et qui s&#8217;affichera sur la carte cadeau<\/p>\n<h3><strong>Email :<\/strong><\/h3>\n<p>C&#8217;est l&#8217;email sur lequel la carte cadeau sera envoy\u00e9e. Il peut s&#8217;agir de <strong>your email<\/strong> si vous souhaitez imprimer et offrir la carte cadeau en personne ou il peut s&#8217;agir de l&#8217;<strong>beneficiary email<\/strong> si vous souhaitez que le syst\u00e8me l&#8217;envoie directement. C&#8217;est vous qui choisissez !<\/p>\n<h3><strong>Message :<\/strong><\/h3>\n<p>C&#8217;est le message que vous pouvez \u00e9crire au b\u00e9n\u00e9ficiaire<\/p>\n<h3><strong>Your name :<\/strong><\/h3>\n<p>C&#8217;est le nom de la personne qui offre la carte cadeau<\/p>\n<h3><strong>Delivery on :<\/strong><\/h3>\n<p>Vous avez la possibilit\u00e9 de choisir quand l&#8217;email sera envoy\u00e9. Si vous avez indiqu\u00e9 votre propre email sous &#8220;email&#8221;, nous vous conseillons de laisser &#8220;maintenant&#8221;.<\/p>\n<p>Par contre, si vous avez mentionn\u00e9 l&#8217;adresse email de la personne \u00e0 qui vous souhaitez l&#8217;offrir, vous avez la possibilit\u00e9 de diff\u00e9rer l&#8217;envoi \u00e0 une date ult\u00e9rieure (par exemple, le jour de son anniversaire)<\/p>\n<h3><strong>Once the gift card has been added to the basket, you will no longer be able to modify it.<\/strong><\/h3>","protected":false},"excerpt":{"rendered":"<h3>Give the freedom to choose with our gift card!<\/h3>\n<p>Vous cherchez le cadeau id\u00e9al, mais vous h\u00e9sitez ? Notre carte cadeau est la solution parfaite.<\/p>\n<p>Utilisable \u00e0 la fois sur notre site internet et dans notre boutique, elle permet \u00e0 son b\u00e9n\u00e9ficiaire de choisir lui-m\u00eame ce qui lui fera plaisir.<\/p>\n<p>&nbsp;<\/p>\n<h3><strong>Cette carte cadeau est virtuelle. Veuillez prendre note des instructions sous &#8220;description&#8221; (ci-dessous) afin de la compl\u00e9ter correctement.<\/strong><\/h3>","protected":false},"featured_media":16530,"comment_status":"closed","ping_status":"closed","template":"","meta":[],"product_brand":[],"product_cat":[457],"product_tag":[449],"class_list":{"0":"post-15490","1":"product","2":"type-product","3":"status-publish","4":"has-post-thumbnail","6":"product_cat-carte-cadeau","7":"product_tag-carte-cadeau","9":"first","10":"instock","11":"virtual","12":"purchasable","13":"product-type-simple"},"_links":{"self":[{"href":"https:\/\/jaimeconcept.ch\/en\/wp-json\/wp\/v2\/product\/15490","targetHints":{"allow":["GET"]}}],"collection":[{"href":"https:\/\/jaimeconcept.ch\/en\/wp-json\/wp\/v2\/product"}],"about":[{"href":"https:\/\/jaimeconcept.ch\/en\/wp-json\/wp\/v2\/types\/product"}],"replies":[{"embeddable":true,"href":"https:\/\/jaimeconcept.ch\/en\/wp-json\/wp\/v2\/comments?post=15490"}],"wp:featuredmedia":[{"embeddable":true,"href":"https:\/\/jaimeconcept.ch\/en\/wp-json\/wp\/v2\/media\/16530"}],"wp:attachment":[{"href":"https:\/\/jaimeconcept.ch\/en\/wp-json\/wp\/v2\/media?parent=15490"}],"wp:term":[{"taxonomy":"product_brand","embeddable":true,"href":"https:\/\/jaimeconcept.ch\/en\/wp-json\/wp\/v2\/product_brand?post=15490"},{"taxonomy":"product_cat","embeddable":true,"href":"https:\/\/jaimeconcept.ch\/en\/wp-json\/wp\/v2\/product_cat?post=15490"},{"taxonomy":"product_tag","embeddable":true,"href":"https:\/\/jaimeconcept.ch\/en\/wp-json\/wp\/v2\/product_tag?post=15490"}],"curies":[{"name":"wp","href":"https:\/\/api.w.org\/{rel}","templated":true}]}}