{"id":14786,"date":"2025-04-11T10:14:34","date_gmt":"2025-04-11T08:14:34","guid":{"rendered":"https:\/\/jaime-save.geekworkers.dev\/?post_type=product&#038;p=14786"},"modified":"2026-03-28T14:49:26","modified_gmt":"2026-03-28T13:49:26","slug":"calin-magique-bougie-pierre-de-lune-reconfort","status":"publish","type":"product","link":"https:\/\/jaimeconcept.ch\/en\/product\/calin-magique-bougie-pierre-de-lune-reconfort\/","title":{"rendered":"C\u00e2lin magique | Comfort moonstone candle\u201c"},"content":{"rendered":"<table width=\"2047\">\n<tbody>\n<tr>\n<td width=\"2047\">Ce n&#8217;est peut-\u00eatre pas aussi bien qu&#8217;un vrai c\u00e2lin, mais si vous passez une mauvaise journ\u00e9e et que vous n&#8217;avez pas d&#8217;humain sous la main, c&#8217;est presque pareil. L&#8217;\u00e9nergie apaisante de la pierre de lune associ\u00e9e \u00e0 l&#8217;odeur douce et enveloppante de la vanille tonka saura vous r\u00e9conforter \u00e0 chaque fois que vous en sentirez le besoin. Girl, you got it.<\/td>\n<\/tr>\n<\/tbody>\n<\/table>","protected":false},"excerpt":{"rendered":"<table width=\"967\">\n<tbody>\n<tr>\n<td width=\"967\">Scented candle containing a lithotherapy stone. Net weight : 310g - Burning time : 60 hours<\/td>\n<\/tr>\n<\/tbody>\n<\/table>","protected":false},"featured_media":14781,"comment_status":"closed","ping_status":"closed","template":"","meta":[],"product_brand":[526],"product_cat":[80],"product_tag":[],"class_list":{"0":"post-14786","1":"product","2":"type-product","3":"status-publish","4":"has-post-thumbnail","6":"product_brand-yescire","7":"product_cat-bougies","9":"first","10":"instock","11":"taxable","12":"shipping-taxable","13":"purchasable","14":"product-type-simple"},"_links":{"self":[{"href":"https:\/\/jaimeconcept.ch\/en\/wp-json\/wp\/v2\/product\/14786","targetHints":{"allow":["GET"]}}],"collection":[{"href":"https:\/\/jaimeconcept.ch\/en\/wp-json\/wp\/v2\/product"}],"about":[{"href":"https:\/\/jaimeconcept.ch\/en\/wp-json\/wp\/v2\/types\/product"}],"replies":[{"embeddable":true,"href":"https:\/\/jaimeconcept.ch\/en\/wp-json\/wp\/v2\/comments?post=14786"}],"wp:featuredmedia":[{"embeddable":true,"href":"https:\/\/jaimeconcept.ch\/en\/wp-json\/wp\/v2\/media\/14781"}],"wp:attachment":[{"href":"https:\/\/jaimeconcept.ch\/en\/wp-json\/wp\/v2\/media?parent=14786"}],"wp:term":[{"taxonomy":"product_brand","embeddable":true,"href":"https:\/\/jaimeconcept.ch\/en\/wp-json\/wp\/v2\/product_brand?post=14786"},{"taxonomy":"product_cat","embeddable":true,"href":"https:\/\/jaimeconcept.ch\/en\/wp-json\/wp\/v2\/product_cat?post=14786"},{"taxonomy":"product_tag","embeddable":true,"href":"https:\/\/jaimeconcept.ch\/en\/wp-json\/wp\/v2\/product_tag?post=14786"}],"curies":[{"name":"wp","href":"https:\/\/api.w.org\/{rel}","templated":true}]}}