{"id":14783,"date":"2024-08-22T15:42:57","date_gmt":"2024-08-22T13:42:57","guid":{"rendered":"https:\/\/jaime-save.geekworkers.dev\/?post_type=product&#038;p=14783"},"modified":"2026-04-27T15:24:27","modified_gmt":"2026-04-27T13:24:27","slug":"self-love-club-bougie-quartz-rose-amour","status":"publish","type":"product","link":"https:\/\/jaimeconcept.ch\/en\/product\/self-love-club-bougie-quartz-rose-amour\/","title":{"rendered":"Self love club | Rose quartz \u201clove\u201d candle\u201d"},"content":{"rendered":"<table width=\"2047\">\n<tbody>\n<tr>\n<td width=\"2047\">La premi\u00e8re r\u00e8gle du self love club est : love yourself first. La deuxi\u00e8me r\u00e8gle du self love club est : love yourself first.\u00a0Si vous ne l&#8217;avez pas encore compris, cette bougie vous aidera \u00e0 retrouver la paix int\u00e9rieur et \u00e0 gu\u00e9rir votre coeur. Son quartz rose vous guidera dans l\u2019art du self-love et de l\u2019estime de soi en vous aidant \u00e0 vous accepter tel que vous \u00eates, \u00e0 vous aimer et \u00e0 vous faire passer en premier.\u00a0Chers membres, welcome to the self love club !<\/td>\n<\/tr>\n<\/tbody>\n<\/table>","protected":false},"excerpt":{"rendered":"<table width=\"967\">\n<tbody>\n<tr>\n<td width=\"967\">Scented candle containing a lithotherapy stone. Net weight : 310g - Burning time : 60 hours<\/td>\n<\/tr>\n<\/tbody>\n<\/table>","protected":false},"featured_media":14778,"comment_status":"closed","ping_status":"closed","template":"","meta":[],"product_brand":[],"product_cat":[80],"product_tag":[],"class_list":{"0":"post-14783","1":"product","2":"type-product","3":"status-publish","4":"has-post-thumbnail","6":"product_cat-bougies","8":"first","9":"instock","10":"taxable","11":"shipping-taxable","12":"purchasable","13":"product-type-simple"},"_links":{"self":[{"href":"https:\/\/jaimeconcept.ch\/en\/wp-json\/wp\/v2\/product\/14783","targetHints":{"allow":["GET"]}}],"collection":[{"href":"https:\/\/jaimeconcept.ch\/en\/wp-json\/wp\/v2\/product"}],"about":[{"href":"https:\/\/jaimeconcept.ch\/en\/wp-json\/wp\/v2\/types\/product"}],"replies":[{"embeddable":true,"href":"https:\/\/jaimeconcept.ch\/en\/wp-json\/wp\/v2\/comments?post=14783"}],"wp:featuredmedia":[{"embeddable":true,"href":"https:\/\/jaimeconcept.ch\/en\/wp-json\/wp\/v2\/media\/14778"}],"wp:attachment":[{"href":"https:\/\/jaimeconcept.ch\/en\/wp-json\/wp\/v2\/media?parent=14783"}],"wp:term":[{"taxonomy":"product_brand","embeddable":true,"href":"https:\/\/jaimeconcept.ch\/en\/wp-json\/wp\/v2\/product_brand?post=14783"},{"taxonomy":"product_cat","embeddable":true,"href":"https:\/\/jaimeconcept.ch\/en\/wp-json\/wp\/v2\/product_cat?post=14783"},{"taxonomy":"product_tag","embeddable":true,"href":"https:\/\/jaimeconcept.ch\/en\/wp-json\/wp\/v2\/product_tag?post=14783"}],"curies":[{"name":"wp","href":"https:\/\/api.w.org\/{rel}","templated":true}]}}