{"id":13598,"date":"2025-05-24T12:51:03","date_gmt":"2025-05-24T10:51:03","guid":{"rendered":"https:\/\/jaime-save.geekworkers.dev\/?post_type=product&#038;p=13598"},"modified":"2026-02-06T11:15:08","modified_gmt":"2026-02-06T10:15:08","slug":"sirop-saveur-fruit-de-la-passion-brut-biologique-400ml","status":"publish","type":"product","link":"https:\/\/jaimeconcept.ch\/en\/product\/sirop-saveur-fruit-de-la-passion-brut-biologique-400ml\/","title":{"rendered":"Raw Passion Fruit Flavour Syrup - Organic - 400ml"},"content":{"rendered":"<p>Le sirop brut de fruit de la passion par Bacanha est un concentr\u00e9 aromatique du c\u00e9l\u00e8bre fruit tropical. Son parfum exotique s&#8217;allie \u00e0 sa saveur irr\u00e9sistiblement fruit\u00e9e et acidul\u00e9e.<\/p>\n<p>Le sirop brut de fruit de la passion peut \u00eatre utilis\u00e9 dans de nombreuses recettes de cocktails. Il est id\u00e9al dans vos pr\u00e9parations de th\u00e9s glac\u00e9s ou limonades et se marie \u00e0 merveille avec le sirop brut de vanille Bacanha.<\/p>","protected":false},"excerpt":{"rendered":"<p>L&#8217;engagement principal de l&#8217;entreprise Bacanha est l&#8217;excellence de ses produits : elle s\u00e9lectionne des ingr\u00e9dients de qualit\u00e9 pour proposer de v\u00e9ritables signatures gustatives.<\/p>","protected":false},"featured_media":13575,"comment_status":"closed","ping_status":"closed","template":"","meta":[],"product_brand":[],"product_cat":[435],"product_tag":[],"class_list":{"0":"post-13598","1":"product","2":"type-product","3":"status-publish","4":"has-post-thumbnail","6":"product_cat-sirops","8":"first","9":"instock","10":"taxable","11":"shipping-taxable","12":"purchasable","13":"product-type-simple"},"_links":{"self":[{"href":"https:\/\/jaimeconcept.ch\/en\/wp-json\/wp\/v2\/product\/13598","targetHints":{"allow":["GET"]}}],"collection":[{"href":"https:\/\/jaimeconcept.ch\/en\/wp-json\/wp\/v2\/product"}],"about":[{"href":"https:\/\/jaimeconcept.ch\/en\/wp-json\/wp\/v2\/types\/product"}],"replies":[{"embeddable":true,"href":"https:\/\/jaimeconcept.ch\/en\/wp-json\/wp\/v2\/comments?post=13598"}],"wp:featuredmedia":[{"embeddable":true,"href":"https:\/\/jaimeconcept.ch\/en\/wp-json\/wp\/v2\/media\/13575"}],"wp:attachment":[{"href":"https:\/\/jaimeconcept.ch\/en\/wp-json\/wp\/v2\/media?parent=13598"}],"wp:term":[{"taxonomy":"product_brand","embeddable":true,"href":"https:\/\/jaimeconcept.ch\/en\/wp-json\/wp\/v2\/product_brand?post=13598"},{"taxonomy":"product_cat","embeddable":true,"href":"https:\/\/jaimeconcept.ch\/en\/wp-json\/wp\/v2\/product_cat?post=13598"},{"taxonomy":"product_tag","embeddable":true,"href":"https:\/\/jaimeconcept.ch\/en\/wp-json\/wp\/v2\/product_tag?post=13598"}],"curies":[{"name":"wp","href":"https:\/\/api.w.org\/{rel}","templated":true}]}}