{"id":13596,"date":"2024-06-22T12:11:34","date_gmt":"2024-06-22T10:11:34","guid":{"rendered":"https:\/\/jaime-save.geekworkers.dev\/?post_type=product&#038;p=13596"},"modified":"2026-02-03T16:20:47","modified_gmt":"2026-02-03T15:20:47","slug":"sirop-saveur-peche-brut-biologique-400ml","status":"publish","type":"product","link":"https:\/\/jaimeconcept.ch\/en\/product\/sirop-saveur-peche-brut-biologique-400ml\/","title":{"rendered":"Raw Peach Flavour Syrup - Organic - 400ml"},"content":{"rendered":"<p>Le sirop de p\u00eache par Bacanha est un concentr\u00e9 aromatique du fruit issu du p\u00eacher. Son ar\u00f4me unique est subtilement fruit\u00e9 et s&#8217;associe \u00e0 une odeur naturelle de p\u00eache.<\/p>\n<p>Le sirop brut de p\u00eache s&#8217;utilise dans de nombreuses recettes. Avec un vin ros\u00e9 ou un th\u00e9 glac\u00e9 par exemple, il apportera une touche fruit\u00e9e \u00e0 votre pr\u00e9paration. Plus simplement, ce sirop biologique est parfait avec de l&#8217;eau, plate ou p\u00e9tillante.<\/p>","protected":false},"excerpt":{"rendered":"<p>L&#8217;engagement principal de l&#8217;entreprise Bacanha est l&#8217;excellence de ses produits : elle s\u00e9lectionne des ingr\u00e9dients de qualit\u00e9 pour proposer de v\u00e9ritables signatures gustatives.<\/p>","protected":false},"featured_media":13579,"comment_status":"closed","ping_status":"closed","template":"","meta":[],"product_brand":[],"product_cat":[435],"product_tag":[],"class_list":{"0":"post-13596","1":"product","2":"type-product","3":"status-publish","4":"has-post-thumbnail","6":"product_cat-sirops","8":"first","9":"outofstock","10":"taxable","11":"shipping-taxable","12":"purchasable","13":"product-type-simple"},"_links":{"self":[{"href":"https:\/\/jaimeconcept.ch\/en\/wp-json\/wp\/v2\/product\/13596","targetHints":{"allow":["GET"]}}],"collection":[{"href":"https:\/\/jaimeconcept.ch\/en\/wp-json\/wp\/v2\/product"}],"about":[{"href":"https:\/\/jaimeconcept.ch\/en\/wp-json\/wp\/v2\/types\/product"}],"replies":[{"embeddable":true,"href":"https:\/\/jaimeconcept.ch\/en\/wp-json\/wp\/v2\/comments?post=13596"}],"wp:featuredmedia":[{"embeddable":true,"href":"https:\/\/jaimeconcept.ch\/en\/wp-json\/wp\/v2\/media\/13579"}],"wp:attachment":[{"href":"https:\/\/jaimeconcept.ch\/en\/wp-json\/wp\/v2\/media?parent=13596"}],"wp:term":[{"taxonomy":"product_brand","embeddable":true,"href":"https:\/\/jaimeconcept.ch\/en\/wp-json\/wp\/v2\/product_brand?post=13596"},{"taxonomy":"product_cat","embeddable":true,"href":"https:\/\/jaimeconcept.ch\/en\/wp-json\/wp\/v2\/product_cat?post=13596"},{"taxonomy":"product_tag","embeddable":true,"href":"https:\/\/jaimeconcept.ch\/en\/wp-json\/wp\/v2\/product_tag?post=13596"}],"curies":[{"name":"wp","href":"https:\/\/api.w.org\/{rel}","templated":true}]}}