{"id":13590,"date":"2024-06-22T11:53:13","date_gmt":"2024-06-22T09:53:13","guid":{"rendered":"https:\/\/jaime-save.geekworkers.dev\/?post_type=product&#038;p=13590"},"modified":"2026-02-17T11:01:11","modified_gmt":"2026-02-17T10:01:11","slug":"sirop-de-caramel-brut-biologique-400ml","status":"publish","type":"product","link":"https:\/\/jaimeconcept.ch\/en\/product\/sirop-de-caramel-brut-biologique-400ml\/","title":{"rendered":"Raw Caramel Syrup - Organic - 400ml"},"content":{"rendered":"<p>Le sirop de caramel par Bacanha est une recette simple et gourmande. Son go\u00fbt est intense et typique du caramel au lait. Son parfum remarquable rappelle les odeurs de confiseries.<\/p>\n<p>Le sirop brut de caramel s&#8217;allie \u00e0 vos pr\u00e9parations de boissons chaudes mais \u00e9galement dans vos recettes de cocktails. Il s&#8217;associe parfaitement avec certains sirops de fruits de la gamme brut par Bacanha.<\/p>","protected":false},"excerpt":{"rendered":"<p>L&#8217;engagement principal de l&#8217;entreprise Bacanha est l&#8217;excellence de ses produits : elle s\u00e9lectionne des ingr\u00e9dients de qualit\u00e9 pour proposer de v\u00e9ritables signatures gustatives.<\/p>","protected":false},"featured_media":13573,"comment_status":"closed","ping_status":"closed","template":"","meta":[],"product_brand":[],"product_cat":[435],"product_tag":[],"class_list":{"0":"post-13590","1":"product","2":"type-product","3":"status-publish","4":"has-post-thumbnail","6":"product_cat-sirops","8":"first","9":"instock","10":"taxable","11":"shipping-taxable","12":"purchasable","13":"product-type-simple"},"_links":{"self":[{"href":"https:\/\/jaimeconcept.ch\/en\/wp-json\/wp\/v2\/product\/13590","targetHints":{"allow":["GET"]}}],"collection":[{"href":"https:\/\/jaimeconcept.ch\/en\/wp-json\/wp\/v2\/product"}],"about":[{"href":"https:\/\/jaimeconcept.ch\/en\/wp-json\/wp\/v2\/types\/product"}],"replies":[{"embeddable":true,"href":"https:\/\/jaimeconcept.ch\/en\/wp-json\/wp\/v2\/comments?post=13590"}],"wp:featuredmedia":[{"embeddable":true,"href":"https:\/\/jaimeconcept.ch\/en\/wp-json\/wp\/v2\/media\/13573"}],"wp:attachment":[{"href":"https:\/\/jaimeconcept.ch\/en\/wp-json\/wp\/v2\/media?parent=13590"}],"wp:term":[{"taxonomy":"product_brand","embeddable":true,"href":"https:\/\/jaimeconcept.ch\/en\/wp-json\/wp\/v2\/product_brand?post=13590"},{"taxonomy":"product_cat","embeddable":true,"href":"https:\/\/jaimeconcept.ch\/en\/wp-json\/wp\/v2\/product_cat?post=13590"},{"taxonomy":"product_tag","embeddable":true,"href":"https:\/\/jaimeconcept.ch\/en\/wp-json\/wp\/v2\/product_tag?post=13590"}],"curies":[{"name":"wp","href":"https:\/\/api.w.org\/{rel}","templated":true}]}}