{"id":13001,"date":"2024-06-04T18:24:21","date_gmt":"2024-06-04T16:24:21","guid":{"rendered":"https:\/\/jaime-save.geekworkers.dev\/?post_type=product&#038;p=13001"},"modified":"2026-02-21T13:23:55","modified_gmt":"2026-02-21T12:23:55","slug":"savon-liquide-500-ml-feuilles-deucalyptus","status":"publish","type":"product","link":"https:\/\/jaimeconcept.ch\/en\/product\/savon-liquide-500-ml-feuilles-deucalyptus\/","title":{"rendered":"LIQUID SOAP 500 ML - EUCALYPTUS LEAVES"},"content":{"rendered":"<p>Pour les amateurs de sensations fra\u00eeches, la formulation naturelle de notre Savon liquide Feuilles d&#8217;Eucalyptus r\u00e9veille en douceur la peau de toute la famille au quotidien, en vous offrant un moment \u00e9nergisant.<\/p>","protected":false},"excerpt":{"rendered":"<p>Le parfum Feuilles d\u2019Eucalyptus d\u00e9voile des sensations fra\u00eeches et \u00e9nergisantes aux notes aromatiques menthol\u00e9es de l&#8217;Eucalyptus et du gommier bleu, sur une t\u00eate lavande et un fond Fir Balsam, romarin et encens.<\/p>","protected":false},"featured_media":12829,"comment_status":"closed","ping_status":"closed","template":"","meta":[],"product_brand":[],"product_cat":[88,89],"product_tag":[],"class_list":{"0":"post-13001","1":"product","2":"type-product","3":"status-publish","4":"has-post-thumbnail","6":"product_cat-beaute","7":"product_cat-produit-douche","8":"pa_fournisseur-kerzon","10":"first","11":"instock","12":"taxable","13":"shipping-taxable","14":"purchasable","15":"product-type-simple"},"_links":{"self":[{"href":"https:\/\/jaimeconcept.ch\/en\/wp-json\/wp\/v2\/product\/13001","targetHints":{"allow":["GET"]}}],"collection":[{"href":"https:\/\/jaimeconcept.ch\/en\/wp-json\/wp\/v2\/product"}],"about":[{"href":"https:\/\/jaimeconcept.ch\/en\/wp-json\/wp\/v2\/types\/product"}],"replies":[{"embeddable":true,"href":"https:\/\/jaimeconcept.ch\/en\/wp-json\/wp\/v2\/comments?post=13001"}],"wp:featuredmedia":[{"embeddable":true,"href":"https:\/\/jaimeconcept.ch\/en\/wp-json\/wp\/v2\/media\/12829"}],"wp:attachment":[{"href":"https:\/\/jaimeconcept.ch\/en\/wp-json\/wp\/v2\/media?parent=13001"}],"wp:term":[{"taxonomy":"product_brand","embeddable":true,"href":"https:\/\/jaimeconcept.ch\/en\/wp-json\/wp\/v2\/product_brand?post=13001"},{"taxonomy":"product_cat","embeddable":true,"href":"https:\/\/jaimeconcept.ch\/en\/wp-json\/wp\/v2\/product_cat?post=13001"},{"taxonomy":"product_tag","embeddable":true,"href":"https:\/\/jaimeconcept.ch\/en\/wp-json\/wp\/v2\/product_tag?post=13001"}],"curies":[{"name":"wp","href":"https:\/\/api.w.org\/{rel}","templated":true}]}}