{"id":12977,"date":"2024-06-03T14:00:10","date_gmt":"2024-06-03T12:00:10","guid":{"rendered":"https:\/\/jaime-save.geekworkers.dev\/produit\/gobelet-bonjour-poulet\/"},"modified":"2024-12-24T15:06:08","modified_gmt":"2024-12-24T14:06:08","slug":"gobelet-bonjour-poulet","status":"publish","type":"product","link":"https:\/\/jaimeconcept.ch\/en\/product\/gobelet-bonjour-poulet\/","title":{"rendered":"Hello chicken\u201c cup\u201d"},"content":{"rendered":"<p>Les gobelets en porcelaine de la marque &#8220;F\u00e9licie Aussi&#8221; sont empilables. Ils ne manquerons pas d&#8217;\u00e9gayer vos journ\u00e9es !<\/p>","protected":false},"excerpt":{"rendered":"<p>Contenance 300ml &#8211; Hauteur 102mm, diam\u00e8tre 84mm<\/p>","protected":false},"featured_media":12846,"comment_status":"closed","ping_status":"closed","template":"","meta":[],"product_brand":[],"product_cat":[99,452],"product_tag":[],"class_list":{"0":"post-12977","1":"product","2":"type-product","3":"status-publish","4":"has-post-thumbnail","6":"product_cat-arts-de-la-table","7":"product_cat-tasses-gobelets-verres","8":"pa_fournisseur-felicie-aussi","10":"first","11":"instock","12":"taxable","13":"shipping-taxable","14":"purchasable","15":"product-type-simple"},"_links":{"self":[{"href":"https:\/\/jaimeconcept.ch\/en\/wp-json\/wp\/v2\/product\/12977","targetHints":{"allow":["GET"]}}],"collection":[{"href":"https:\/\/jaimeconcept.ch\/en\/wp-json\/wp\/v2\/product"}],"about":[{"href":"https:\/\/jaimeconcept.ch\/en\/wp-json\/wp\/v2\/types\/product"}],"replies":[{"embeddable":true,"href":"https:\/\/jaimeconcept.ch\/en\/wp-json\/wp\/v2\/comments?post=12977"}],"wp:featuredmedia":[{"embeddable":true,"href":"https:\/\/jaimeconcept.ch\/en\/wp-json\/wp\/v2\/media\/12846"}],"wp:attachment":[{"href":"https:\/\/jaimeconcept.ch\/en\/wp-json\/wp\/v2\/media?parent=12977"}],"wp:term":[{"taxonomy":"product_brand","embeddable":true,"href":"https:\/\/jaimeconcept.ch\/en\/wp-json\/wp\/v2\/product_brand?post=12977"},{"taxonomy":"product_cat","embeddable":true,"href":"https:\/\/jaimeconcept.ch\/en\/wp-json\/wp\/v2\/product_cat?post=12977"},{"taxonomy":"product_tag","embeddable":true,"href":"https:\/\/jaimeconcept.ch\/en\/wp-json\/wp\/v2\/product_tag?post=12977"}],"curies":[{"name":"wp","href":"https:\/\/api.w.org\/{rel}","templated":true}]}}