{"id":12969,"date":"2024-06-03T13:59:17","date_gmt":"2024-06-03T11:59:17","guid":{"rendered":"https:\/\/jaime-save.geekworkers.dev\/produit\/savon-liquide-500-ml-super-frais\/"},"modified":"2026-04-28T15:06:17","modified_gmt":"2026-04-28T13:06:17","slug":"savon-liquide-500-ml-super-frais","status":"publish","type":"product","link":"https:\/\/jaimeconcept.ch\/en\/product\/savon-liquide-500-ml-super-frais\/","title":{"rendered":"LIQUID SOAP 500 ML - SUPER FRESH"},"content":{"rendered":"<p>Douceur de l&#8217;enfance, Super Frais ravive le souvenir des parfums de b\u00e9b\u00e9 et le plaisir de s&#8217;envelopper dans des draps fra\u00eechement lav\u00e9s, avec une t\u00eate hesp\u00e9rid\u00e9e l\u00e9g\u00e8rement anis\u00e9e et un c\u0153ur ch\u00e8vrefeuille, sur un fond c\u00e8dre et ylang.<\/p>","protected":false},"excerpt":{"rendered":"<p>A nourishing and protective formula suitable for all skin types, to gently cleanse and delicately scent the body.<\/p>","protected":false},"featured_media":12814,"comment_status":"closed","ping_status":"closed","template":"","meta":[],"product_brand":[],"product_cat":[88,89],"product_tag":[],"class_list":{"0":"post-12969","1":"product","2":"type-product","3":"status-publish","4":"has-post-thumbnail","6":"product_cat-beaute","7":"product_cat-produit-douche","8":"pa_fournisseur-kerzon","10":"first","11":"instock","12":"taxable","13":"shipping-taxable","14":"purchasable","15":"product-type-simple"},"_links":{"self":[{"href":"https:\/\/jaimeconcept.ch\/en\/wp-json\/wp\/v2\/product\/12969","targetHints":{"allow":["GET"]}}],"collection":[{"href":"https:\/\/jaimeconcept.ch\/en\/wp-json\/wp\/v2\/product"}],"about":[{"href":"https:\/\/jaimeconcept.ch\/en\/wp-json\/wp\/v2\/types\/product"}],"replies":[{"embeddable":true,"href":"https:\/\/jaimeconcept.ch\/en\/wp-json\/wp\/v2\/comments?post=12969"}],"wp:featuredmedia":[{"embeddable":true,"href":"https:\/\/jaimeconcept.ch\/en\/wp-json\/wp\/v2\/media\/12814"}],"wp:attachment":[{"href":"https:\/\/jaimeconcept.ch\/en\/wp-json\/wp\/v2\/media?parent=12969"}],"wp:term":[{"taxonomy":"product_brand","embeddable":true,"href":"https:\/\/jaimeconcept.ch\/en\/wp-json\/wp\/v2\/product_brand?post=12969"},{"taxonomy":"product_cat","embeddable":true,"href":"https:\/\/jaimeconcept.ch\/en\/wp-json\/wp\/v2\/product_cat?post=12969"},{"taxonomy":"product_tag","embeddable":true,"href":"https:\/\/jaimeconcept.ch\/en\/wp-json\/wp\/v2\/product_tag?post=12969"}],"curies":[{"name":"wp","href":"https:\/\/api.w.org\/{rel}","templated":true}]}}