{"id":12968,"date":"2024-06-03T13:59:17","date_gmt":"2024-06-03T11:59:17","guid":{"rendered":"https:\/\/jaime-save.geekworkers.dev\/produit\/savon-liquide-500-ml-le-soleil\/"},"modified":"2026-04-04T14:57:17","modified_gmt":"2026-04-04T12:57:17","slug":"savon-liquide-500-ml-le-soleil","status":"publish","type":"product","link":"https:\/\/jaimeconcept.ch\/en\/product\/savon-liquide-500-ml-le-soleil\/","title":{"rendered":"LIQUID SOAP 500 ML - LE SOLEIL"},"content":{"rendered":"<p>Au c\u0153ur de l\u2019\u00e9t\u00e9, Le Soleil diffuse d&#8217;embl\u00e9e un accord chaleureux de Coco et Frangipanier. Suave et intens\u00e9ment g\u00e9n\u00e9reux, il rayonne sur la peau avec une t\u00eate p\u00eache, coco et amande, un c\u0153ur ylang-ylang et jasmin d\u2019eau sur un fond santal d\u2019Australie, musc et patchouli d\u2019Indon\u00e9sie.<\/p>","protected":false},"excerpt":{"rendered":"<p>For those who love the summer heat, the natural formula of our Le Soleil Liquid Soap gently illuminates the skin of the whole family every day.<\/p>","protected":false},"featured_media":12825,"comment_status":"closed","ping_status":"closed","template":"","meta":[],"product_brand":[],"product_cat":[88,89],"product_tag":[],"class_list":{"0":"post-12968","1":"product","2":"type-product","3":"status-publish","4":"has-post-thumbnail","6":"product_cat-beaute","7":"product_cat-produit-douche","8":"pa_fournisseur-kerzon","10":"first","11":"instock","12":"taxable","13":"shipping-taxable","14":"purchasable","15":"product-type-simple"},"_links":{"self":[{"href":"https:\/\/jaimeconcept.ch\/en\/wp-json\/wp\/v2\/product\/12968","targetHints":{"allow":["GET"]}}],"collection":[{"href":"https:\/\/jaimeconcept.ch\/en\/wp-json\/wp\/v2\/product"}],"about":[{"href":"https:\/\/jaimeconcept.ch\/en\/wp-json\/wp\/v2\/types\/product"}],"replies":[{"embeddable":true,"href":"https:\/\/jaimeconcept.ch\/en\/wp-json\/wp\/v2\/comments?post=12968"}],"wp:featuredmedia":[{"embeddable":true,"href":"https:\/\/jaimeconcept.ch\/en\/wp-json\/wp\/v2\/media\/12825"}],"wp:attachment":[{"href":"https:\/\/jaimeconcept.ch\/en\/wp-json\/wp\/v2\/media?parent=12968"}],"wp:term":[{"taxonomy":"product_brand","embeddable":true,"href":"https:\/\/jaimeconcept.ch\/en\/wp-json\/wp\/v2\/product_brand?post=12968"},{"taxonomy":"product_cat","embeddable":true,"href":"https:\/\/jaimeconcept.ch\/en\/wp-json\/wp\/v2\/product_cat?post=12968"},{"taxonomy":"product_tag","embeddable":true,"href":"https:\/\/jaimeconcept.ch\/en\/wp-json\/wp\/v2\/product_tag?post=12968"}],"curies":[{"name":"wp","href":"https:\/\/api.w.org\/{rel}","templated":true}]}}