{"id":12964,"date":"2024-06-03T13:59:17","date_gmt":"2024-06-03T11:59:17","guid":{"rendered":"https:\/\/jaime-save.geekworkers.dev\/produit\/brume-100-ml-super-frais\/"},"modified":"2026-04-30T10:04:53","modified_gmt":"2026-04-30T08:04:53","slug":"brume-100-ml-super-frais","status":"publish","type":"product","link":"https:\/\/jaimeconcept.ch\/en\/product\/brume-100-ml-super-frais\/","title":{"rendered":"100 ML MIST - SUPER FRESH"},"content":{"rendered":"<p>Douceur de l&#8217;enfance, Super Frais ravive le souvenir des parfums de b\u00e9b\u00e9 et le plaisir de s&#8217;envelopper dans des draps fra\u00eechement lav\u00e9s, avec une t\u00eate hesp\u00e9rid\u00e9e l\u00e9g\u00e8rement anis\u00e9e et un c\u0153ur ch\u00e8vrefeuille, sur un fond c\u00e8dre et ylang.<\/p>","protected":false},"excerpt":{"rendered":"<p>Spray a few touches of this fragrant mist around you, on your clothes or on your skin, to delicately enhance your everyday life and make you feel good wherever you are.<\/p>","protected":false},"featured_media":12815,"comment_status":"closed","ping_status":"closed","template":"","meta":[],"product_brand":[],"product_cat":[88,91],"product_tag":[],"class_list":{"0":"post-12964","1":"product","2":"type-product","3":"status-publish","4":"has-post-thumbnail","6":"product_cat-beaute","7":"product_cat-brume-pour-corps-et-cheveux","8":"pa_fournisseur-kerzon","10":"first","11":"instock","12":"taxable","13":"shipping-taxable","14":"purchasable","15":"product-type-simple"},"_links":{"self":[{"href":"https:\/\/jaimeconcept.ch\/en\/wp-json\/wp\/v2\/product\/12964","targetHints":{"allow":["GET"]}}],"collection":[{"href":"https:\/\/jaimeconcept.ch\/en\/wp-json\/wp\/v2\/product"}],"about":[{"href":"https:\/\/jaimeconcept.ch\/en\/wp-json\/wp\/v2\/types\/product"}],"replies":[{"embeddable":true,"href":"https:\/\/jaimeconcept.ch\/en\/wp-json\/wp\/v2\/comments?post=12964"}],"wp:featuredmedia":[{"embeddable":true,"href":"https:\/\/jaimeconcept.ch\/en\/wp-json\/wp\/v2\/media\/12815"}],"wp:attachment":[{"href":"https:\/\/jaimeconcept.ch\/en\/wp-json\/wp\/v2\/media?parent=12964"}],"wp:term":[{"taxonomy":"product_brand","embeddable":true,"href":"https:\/\/jaimeconcept.ch\/en\/wp-json\/wp\/v2\/product_brand?post=12964"},{"taxonomy":"product_cat","embeddable":true,"href":"https:\/\/jaimeconcept.ch\/en\/wp-json\/wp\/v2\/product_cat?post=12964"},{"taxonomy":"product_tag","embeddable":true,"href":"https:\/\/jaimeconcept.ch\/en\/wp-json\/wp\/v2\/product_tag?post=12964"}],"curies":[{"name":"wp","href":"https:\/\/api.w.org\/{rel}","templated":true}]}}