{"id":12960,"date":"2024-06-03T13:59:17","date_gmt":"2024-06-03T11:59:17","guid":{"rendered":"https:\/\/jaime-save.geekworkers.dev\/produit\/brume-100-ml-tour-eiffel\/"},"modified":"2025-05-24T10:52:34","modified_gmt":"2025-05-24T08:52:34","slug":"brume-100-ml-tour-eiffel","status":"publish","type":"product","link":"https:\/\/jaimeconcept.ch\/en\/product\/brume-100-ml-tour-eiffel\/","title":{"rendered":"100 ML MIST - EIFFEL TOWER"},"content":{"rendered":"<p>Le parfum de La Tour Eiffel d\u00e9voile une note ambr\u00e9e, clin d&#8217;\u0153il \u00e0 la couleur rouge de la tour \u00e0 son origine, associ\u00e9e \u00e0 des notes \u00e9pic\u00e9es, pour faire \u00e9cho \u00e0 l&#8217;ouverture sur le monde de l\u2019Exposition Universelle de Paris en 1889. Sa t\u00eate l\u00e9g\u00e8rement fruit\u00e9e aux notes balsamiques, laisse place \u00e0 un c\u0153ur floral et \u00e9pic\u00e9 sur un fond vanill\u00e9 subtilement poudr\u00e9, pour un voyage color\u00e9 et gourmand.<\/p>","protected":false},"excerpt":{"rendered":"<p>Spray a few touches of this fragrant mist around you, on your clothes or on your skin, to delicately enhance your everyday life and make you feel good wherever you are.<\/p>","protected":false},"featured_media":12827,"comment_status":"closed","ping_status":"closed","template":"","meta":[],"product_brand":[],"product_cat":[88,91],"product_tag":[],"class_list":{"0":"post-12960","1":"product","2":"type-product","3":"status-publish","4":"has-post-thumbnail","6":"product_cat-beaute","7":"product_cat-brume-pour-corps-et-cheveux","8":"pa_fournisseur-kerzon","10":"first","11":"instock","12":"taxable","13":"shipping-taxable","14":"purchasable","15":"product-type-simple"},"_links":{"self":[{"href":"https:\/\/jaimeconcept.ch\/en\/wp-json\/wp\/v2\/product\/12960","targetHints":{"allow":["GET"]}}],"collection":[{"href":"https:\/\/jaimeconcept.ch\/en\/wp-json\/wp\/v2\/product"}],"about":[{"href":"https:\/\/jaimeconcept.ch\/en\/wp-json\/wp\/v2\/types\/product"}],"replies":[{"embeddable":true,"href":"https:\/\/jaimeconcept.ch\/en\/wp-json\/wp\/v2\/comments?post=12960"}],"wp:featuredmedia":[{"embeddable":true,"href":"https:\/\/jaimeconcept.ch\/en\/wp-json\/wp\/v2\/media\/12827"}],"wp:attachment":[{"href":"https:\/\/jaimeconcept.ch\/en\/wp-json\/wp\/v2\/media?parent=12960"}],"wp:term":[{"taxonomy":"product_brand","embeddable":true,"href":"https:\/\/jaimeconcept.ch\/en\/wp-json\/wp\/v2\/product_brand?post=12960"},{"taxonomy":"product_cat","embeddable":true,"href":"https:\/\/jaimeconcept.ch\/en\/wp-json\/wp\/v2\/product_cat?post=12960"},{"taxonomy":"product_tag","embeddable":true,"href":"https:\/\/jaimeconcept.ch\/en\/wp-json\/wp\/v2\/product_tag?post=12960"}],"curies":[{"name":"wp","href":"https:\/\/api.w.org\/{rel}","templated":true}]}}