{"id":12958,"date":"2024-06-03T13:59:17","date_gmt":"2024-06-03T11:59:17","guid":{"rendered":"https:\/\/jaime-save.geekworkers.dev\/produit\/brume-100-ml-place-des-vosges\/"},"modified":"2026-03-17T10:43:52","modified_gmt":"2026-03-17T09:43:52","slug":"brume-100-ml-place-des-vosges","status":"publish","type":"product","link":"https:\/\/jaimeconcept.ch\/en\/product\/brume-100-ml-place-des-vosges\/","title":{"rendered":"100 ML MIST - PLACE DES VOSGES"},"content":{"rendered":"<p>C&#8217;est au romantisme de la place, ses briques rouges et ses terrasses fleuries de g\u00e9ranium que nous rendons hommage avec cette senteur. Place des Vosges s&#8217;inspire des p\u00e9tales duveteux de la rose bulgare avec une t\u00eate fleurie et un c\u0153ur sucr\u00e9 en accord de mangue, sur un fond frais et citronn\u00e9 de g\u00e9ranium.<\/p>","protected":false},"excerpt":{"rendered":"<p>Spray a few touches of this fragrant mist around you, on your clothes or on your skin, to delicately enhance your everyday life and make you feel good wherever you are.<\/p>","protected":false},"featured_media":12817,"comment_status":"closed","ping_status":"closed","template":"","meta":[],"product_brand":[],"product_cat":[88,91],"product_tag":[],"class_list":{"0":"post-12958","1":"product","2":"type-product","3":"status-publish","4":"has-post-thumbnail","6":"product_cat-beaute","7":"product_cat-brume-pour-corps-et-cheveux","8":"pa_fournisseur-kerzon","10":"first","11":"instock","12":"taxable","13":"shipping-taxable","14":"purchasable","15":"product-type-simple"},"_links":{"self":[{"href":"https:\/\/jaimeconcept.ch\/en\/wp-json\/wp\/v2\/product\/12958","targetHints":{"allow":["GET"]}}],"collection":[{"href":"https:\/\/jaimeconcept.ch\/en\/wp-json\/wp\/v2\/product"}],"about":[{"href":"https:\/\/jaimeconcept.ch\/en\/wp-json\/wp\/v2\/types\/product"}],"replies":[{"embeddable":true,"href":"https:\/\/jaimeconcept.ch\/en\/wp-json\/wp\/v2\/comments?post=12958"}],"wp:featuredmedia":[{"embeddable":true,"href":"https:\/\/jaimeconcept.ch\/en\/wp-json\/wp\/v2\/media\/12817"}],"wp:attachment":[{"href":"https:\/\/jaimeconcept.ch\/en\/wp-json\/wp\/v2\/media?parent=12958"}],"wp:term":[{"taxonomy":"product_brand","embeddable":true,"href":"https:\/\/jaimeconcept.ch\/en\/wp-json\/wp\/v2\/product_brand?post=12958"},{"taxonomy":"product_cat","embeddable":true,"href":"https:\/\/jaimeconcept.ch\/en\/wp-json\/wp\/v2\/product_cat?post=12958"},{"taxonomy":"product_tag","embeddable":true,"href":"https:\/\/jaimeconcept.ch\/en\/wp-json\/wp\/v2\/product_tag?post=12958"}],"curies":[{"name":"wp","href":"https:\/\/api.w.org\/{rel}","templated":true}]}}