{"id":12951,"date":"2024-06-03T13:59:09","date_gmt":"2024-06-03T11:59:09","guid":{"rendered":"https:\/\/jaime-save.geekworkers.dev\/produit\/savon-mains-400ml-you-rock\/"},"modified":"2024-06-28T12:21:31","modified_gmt":"2024-06-28T10:21:31","slug":"savon-mains-400ml-you-rock","status":"publish","type":"product","link":"https:\/\/jaimeconcept.ch\/en\/product\/savon-mains-400ml-you-rock\/","title":{"rendered":"Hand soap 400ml - You Rock"},"content":{"rendered":"<p>D\u00e9couvrez nos savons liquides de la marque &#8220;The Gift Label&#8221; et ajoutez une touche de gaiet\u00e9 \u00e0 votre routine quotidienne avec ce produit pratique et esth\u00e9tique. Parfait pour \u00e9gayer votre salle de bain ou votre cuisine !<\/p>","protected":false},"excerpt":{"rendered":"<p>400ml<\/p>","protected":false},"featured_media":12854,"comment_status":"closed","ping_status":"closed","template":"","meta":[],"product_brand":[],"product_cat":[432],"product_tag":[],"class_list":{"0":"post-12951","1":"product","2":"type-product","3":"status-publish","4":"has-post-thumbnail","6":"product_cat-savons","7":"pa_fournisseur-the-gift-label","9":"first","10":"instock","11":"taxable","12":"shipping-taxable","13":"purchasable","14":"product-type-simple"},"_links":{"self":[{"href":"https:\/\/jaimeconcept.ch\/en\/wp-json\/wp\/v2\/product\/12951","targetHints":{"allow":["GET"]}}],"collection":[{"href":"https:\/\/jaimeconcept.ch\/en\/wp-json\/wp\/v2\/product"}],"about":[{"href":"https:\/\/jaimeconcept.ch\/en\/wp-json\/wp\/v2\/types\/product"}],"replies":[{"embeddable":true,"href":"https:\/\/jaimeconcept.ch\/en\/wp-json\/wp\/v2\/comments?post=12951"}],"wp:featuredmedia":[{"embeddable":true,"href":"https:\/\/jaimeconcept.ch\/en\/wp-json\/wp\/v2\/media\/12854"}],"wp:attachment":[{"href":"https:\/\/jaimeconcept.ch\/en\/wp-json\/wp\/v2\/media?parent=12951"}],"wp:term":[{"taxonomy":"product_brand","embeddable":true,"href":"https:\/\/jaimeconcept.ch\/en\/wp-json\/wp\/v2\/product_brand?post=12951"},{"taxonomy":"product_cat","embeddable":true,"href":"https:\/\/jaimeconcept.ch\/en\/wp-json\/wp\/v2\/product_cat?post=12951"},{"taxonomy":"product_tag","embeddable":true,"href":"https:\/\/jaimeconcept.ch\/en\/wp-json\/wp\/v2\/product_tag?post=12951"}],"curies":[{"name":"wp","href":"https:\/\/api.w.org\/{rel}","templated":true}]}}