{"id":12941,"date":"2024-06-03T13:59:09","date_gmt":"2024-06-03T11:59:09","guid":{"rendered":"https:\/\/jaime-save.geekworkers.dev\/produit\/pochette-glam-rose\/"},"modified":"2025-09-16T15:52:08","modified_gmt":"2025-09-16T13:52:08","slug":"pochette-glam-rose","status":"publish","type":"product","link":"https:\/\/jaimeconcept.ch\/en\/product\/pochette-glam-rose\/","title":{"rendered":"Glam\u201c clutch bag pink"},"content":{"rendered":"<p>D\u00e9couvrez notre pochette super tendance, \u00e9clatante de couleurs vives. Id\u00e9ale pour ajouter une touche de gaiet\u00e9 \u00e0 votre look, elle combine style et praticit\u00e9 avec \u00e9l\u00e9gance. Fabriqu\u00e9e avec soin, c&#8217;est l&#8217;accessoire parfait pour toutes les occasions. Faites sensation partout o\u00f9 vous allez !<\/p>","protected":false},"excerpt":{"rendered":"<p>Dimensions: 29x22x8 cm<\/p>","protected":false},"featured_media":12837,"comment_status":"closed","ping_status":"closed","template":"","meta":[],"product_brand":[],"product_cat":[92,431],"product_tag":[],"class_list":{"0":"post-12941","1":"product","2":"type-product","3":"status-publish","4":"has-post-thumbnail","6":"product_cat-decoration-lifestyle","7":"product_cat-sacs-pochettes","9":"first","10":"instock","11":"taxable","12":"shipping-taxable","13":"purchasable","14":"product-type-simple"},"_links":{"self":[{"href":"https:\/\/jaimeconcept.ch\/en\/wp-json\/wp\/v2\/product\/12941","targetHints":{"allow":["GET"]}}],"collection":[{"href":"https:\/\/jaimeconcept.ch\/en\/wp-json\/wp\/v2\/product"}],"about":[{"href":"https:\/\/jaimeconcept.ch\/en\/wp-json\/wp\/v2\/types\/product"}],"replies":[{"embeddable":true,"href":"https:\/\/jaimeconcept.ch\/en\/wp-json\/wp\/v2\/comments?post=12941"}],"wp:featuredmedia":[{"embeddable":true,"href":"https:\/\/jaimeconcept.ch\/en\/wp-json\/wp\/v2\/media\/12837"}],"wp:attachment":[{"href":"https:\/\/jaimeconcept.ch\/en\/wp-json\/wp\/v2\/media?parent=12941"}],"wp:term":[{"taxonomy":"product_brand","embeddable":true,"href":"https:\/\/jaimeconcept.ch\/en\/wp-json\/wp\/v2\/product_brand?post=12941"},{"taxonomy":"product_cat","embeddable":true,"href":"https:\/\/jaimeconcept.ch\/en\/wp-json\/wp\/v2\/product_cat?post=12941"},{"taxonomy":"product_tag","embeddable":true,"href":"https:\/\/jaimeconcept.ch\/en\/wp-json\/wp\/v2\/product_tag?post=12941"}],"curies":[{"name":"wp","href":"https:\/\/api.w.org\/{rel}","templated":true}]}}