{"id":12931,"date":"2024-06-03T13:59:01","date_gmt":"2024-06-03T11:59:01","guid":{"rendered":"https:\/\/jaime-save.geekworkers.dev\/produit\/n65-azalee-format-500ml\/"},"modified":"2026-03-17T09:55:28","modified_gmt":"2026-03-17T08:55:28","slug":"n65-azalee-format-500ml","status":"publish","type":"product","link":"https:\/\/jaimeconcept.ch\/en\/product\/n65-azalee-format-500ml\/","title":{"rendered":"No.65 - Azalea - Format : 500ml"},"content":{"rendered":"<p>D\u00e9couvrez l&#8217;essence m\u00eame de la beaut\u00e9 florale avec la fleur d&#8217;azal\u00e9e. Fermez les yeux et laissez les p\u00e9tales vous transporter vers un pays o\u00f9 les jardins fleurissent d&#8217;une symphonie de couleurs. Impr\u00e9gnez-vous de cette tradition s\u00e9culaire qui c\u00e9l\u00e8bre la gr\u00e2ce et l&#8217;\u00e9l\u00e9gance de la nature, enveloppant votre espace d&#8217;une douce harmonie parfum\u00e9e.<\/p>","protected":false},"excerpt":{"rendered":"<p>Les bougies &#8220;Hello Candle&#8221; sont coul\u00e9es \u00e0 la main en Suisse. Bougies parfum\u00e9es sans OGM et sans phtalate.<\/p>","protected":false},"featured_media":7608,"comment_status":"closed","ping_status":"closed","template":"","meta":[],"product_brand":[540],"product_cat":[80],"product_tag":[],"class_list":{"0":"post-12931","1":"product","2":"type-product","3":"status-publish","4":"has-post-thumbnail","6":"product_brand-hello-candle","7":"product_cat-bougies","8":"pa_fournisseur-hello-candle","10":"first","11":"instock","12":"taxable","13":"shipping-taxable","14":"purchasable","15":"product-type-simple"},"_links":{"self":[{"href":"https:\/\/jaimeconcept.ch\/en\/wp-json\/wp\/v2\/product\/12931","targetHints":{"allow":["GET"]}}],"collection":[{"href":"https:\/\/jaimeconcept.ch\/en\/wp-json\/wp\/v2\/product"}],"about":[{"href":"https:\/\/jaimeconcept.ch\/en\/wp-json\/wp\/v2\/types\/product"}],"replies":[{"embeddable":true,"href":"https:\/\/jaimeconcept.ch\/en\/wp-json\/wp\/v2\/comments?post=12931"}],"wp:featuredmedia":[{"embeddable":true,"href":"https:\/\/jaimeconcept.ch\/en\/wp-json\/wp\/v2\/media\/7608"}],"wp:attachment":[{"href":"https:\/\/jaimeconcept.ch\/en\/wp-json\/wp\/v2\/media?parent=12931"}],"wp:term":[{"taxonomy":"product_brand","embeddable":true,"href":"https:\/\/jaimeconcept.ch\/en\/wp-json\/wp\/v2\/product_brand?post=12931"},{"taxonomy":"product_cat","embeddable":true,"href":"https:\/\/jaimeconcept.ch\/en\/wp-json\/wp\/v2\/product_cat?post=12931"},{"taxonomy":"product_tag","embeddable":true,"href":"https:\/\/jaimeconcept.ch\/en\/wp-json\/wp\/v2\/product_tag?post=12931"}],"curies":[{"name":"wp","href":"https:\/\/api.w.org\/{rel}","templated":true}]}}