{"id":12928,"date":"2024-06-03T13:59:01","date_gmt":"2024-06-03T11:59:01","guid":{"rendered":"https:\/\/jaime-save.geekworkers.dev\/produit\/n39-goyave-format-180ml\/"},"modified":"2026-04-15T09:32:01","modified_gmt":"2026-04-15T07:32:01","slug":"n39-goyave-format-180ml","status":"publish","type":"product","link":"https:\/\/jaimeconcept.ch\/en\/product\/n39-goyave-format-180ml\/","title":{"rendered":"N\u00b039 - Guava - Format : 180ml"},"content":{"rendered":"<p>The tropical guava fruit releases an incomparable fragrance. This candle instantly creates an exotic atmosphere. Smell the fruity, floral and sweet notes of this ode to the fruit the Aztecs called the \u00abplum of the sands\u00bb.<\/p>","protected":false},"excerpt":{"rendered":"<p>Les bougies &#8220;Hello Candle&#8221; sont coul\u00e9es \u00e0 la main en Suisse. Bougies parfum\u00e9es sans OGM et sans phtalate.<\/p>","protected":false},"featured_media":12894,"comment_status":"closed","ping_status":"closed","template":"","meta":[],"product_brand":[540],"product_cat":[80],"product_tag":[],"class_list":{"0":"post-12928","1":"product","2":"type-product","3":"status-publish","4":"has-post-thumbnail","6":"product_brand-hello-candle","7":"product_cat-bougies","8":"pa_fournisseur-hello-candle","10":"first","11":"instock","12":"taxable","13":"shipping-taxable","14":"purchasable","15":"product-type-simple"},"_links":{"self":[{"href":"https:\/\/jaimeconcept.ch\/en\/wp-json\/wp\/v2\/product\/12928","targetHints":{"allow":["GET"]}}],"collection":[{"href":"https:\/\/jaimeconcept.ch\/en\/wp-json\/wp\/v2\/product"}],"about":[{"href":"https:\/\/jaimeconcept.ch\/en\/wp-json\/wp\/v2\/types\/product"}],"replies":[{"embeddable":true,"href":"https:\/\/jaimeconcept.ch\/en\/wp-json\/wp\/v2\/comments?post=12928"}],"wp:featuredmedia":[{"embeddable":true,"href":"https:\/\/jaimeconcept.ch\/en\/wp-json\/wp\/v2\/media\/12894"}],"wp:attachment":[{"href":"https:\/\/jaimeconcept.ch\/en\/wp-json\/wp\/v2\/media?parent=12928"}],"wp:term":[{"taxonomy":"product_brand","embeddable":true,"href":"https:\/\/jaimeconcept.ch\/en\/wp-json\/wp\/v2\/product_brand?post=12928"},{"taxonomy":"product_cat","embeddable":true,"href":"https:\/\/jaimeconcept.ch\/en\/wp-json\/wp\/v2\/product_cat?post=12928"},{"taxonomy":"product_tag","embeddable":true,"href":"https:\/\/jaimeconcept.ch\/en\/wp-json\/wp\/v2\/product_tag?post=12928"}],"curies":[{"name":"wp","href":"https:\/\/api.w.org\/{rel}","templated":true}]}}