{"id":12923,"date":"2024-06-03T13:59:01","date_gmt":"2024-06-03T11:59:01","guid":{"rendered":"https:\/\/jaime-save.geekworkers.dev\/produit\/n77-tonka-myrrhe-format-500ml\/"},"modified":"2026-02-26T01:39:57","modified_gmt":"2026-02-26T00:39:57","slug":"n77-tonka-myrrhe-format-500ml","status":"publish","type":"product","link":"https:\/\/jaimeconcept.ch\/en\/product\/n77-tonka-myrrhe-format-500ml\/","title":{"rendered":"N\u00b077 - Tonka Myrrh - Format : 500ml"},"content":{"rendered":"<p>Plongez dans l&#8217;opulence mystique d&#8217;un m\u00e9lange rare de tonka et de myrrhe, inspir\u00e9 par les rites ancestraux de l&#8217;\u00c9gypte antique. Cette fragrance puissante, capturant l&#8217;alliance de la chaleur sucr\u00e9e de la tonka et de la profondeur envo\u00fbtante de la myrrhe, \u00e9voque les offrandes pr\u00e9cieuses faites aux dieux dans les temples sacr\u00e9s.<\/p>","protected":false},"excerpt":{"rendered":"<p>Les bougies &#8220;Hello Candle&#8221; sont coul\u00e9es \u00e0 la main en Suisse. Bougies parfum\u00e9es sans OGM et sans phtalate.<\/p>","protected":false},"featured_media":12862,"comment_status":"closed","ping_status":"closed","template":"","meta":[],"product_brand":[540],"product_cat":[80],"product_tag":[],"class_list":{"0":"post-12923","1":"product","2":"type-product","3":"status-publish","4":"has-post-thumbnail","6":"product_brand-hello-candle","7":"product_cat-bougies","8":"pa_fournisseur-hello-candle","10":"first","11":"outofstock","12":"taxable","13":"shipping-taxable","14":"purchasable","15":"product-type-simple"},"_links":{"self":[{"href":"https:\/\/jaimeconcept.ch\/en\/wp-json\/wp\/v2\/product\/12923","targetHints":{"allow":["GET"]}}],"collection":[{"href":"https:\/\/jaimeconcept.ch\/en\/wp-json\/wp\/v2\/product"}],"about":[{"href":"https:\/\/jaimeconcept.ch\/en\/wp-json\/wp\/v2\/types\/product"}],"replies":[{"embeddable":true,"href":"https:\/\/jaimeconcept.ch\/en\/wp-json\/wp\/v2\/comments?post=12923"}],"wp:featuredmedia":[{"embeddable":true,"href":"https:\/\/jaimeconcept.ch\/en\/wp-json\/wp\/v2\/media\/12862"}],"wp:attachment":[{"href":"https:\/\/jaimeconcept.ch\/en\/wp-json\/wp\/v2\/media?parent=12923"}],"wp:term":[{"taxonomy":"product_brand","embeddable":true,"href":"https:\/\/jaimeconcept.ch\/en\/wp-json\/wp\/v2\/product_brand?post=12923"},{"taxonomy":"product_cat","embeddable":true,"href":"https:\/\/jaimeconcept.ch\/en\/wp-json\/wp\/v2\/product_cat?post=12923"},{"taxonomy":"product_tag","embeddable":true,"href":"https:\/\/jaimeconcept.ch\/en\/wp-json\/wp\/v2\/product_tag?post=12923"}],"curies":[{"name":"wp","href":"https:\/\/api.w.org\/{rel}","templated":true}]}}