{"id":12905,"date":"2024-06-03T13:58:52","date_gmt":"2024-06-03T11:58:52","guid":{"rendered":"https:\/\/jaime-save.geekworkers.dev\/produit\/n15-pink-monoi-format-500ml\/"},"modified":"2026-02-14T14:16:31","modified_gmt":"2026-02-14T13:16:31","slug":"n15-pink-monoi-format-500ml","status":"publish","type":"product","link":"https:\/\/jaimeconcept.ch\/en\/product\/n15-pink-monoi-format-500ml\/","title":{"rendered":"No.15 - Pink Mono\u00ef - Format : 500ml"},"content":{"rendered":"<p>The result is a Mono\u00ef that's even more flowery than the original. Rose petals have been added to the Tiar\u00e9 flowers, the main ingredient in this oil from French Polynesia. The exotic result will captivate your nose, putting you in a blooming mood.<\/p>","protected":false},"excerpt":{"rendered":"<p>Les bougies &#8220;Hello Candle&#8221; sont coul\u00e9es \u00e0 la main en Suisse. Bougies parfum\u00e9es sans OGM et sans phtalate.<\/p>","protected":false},"featured_media":12889,"comment_status":"closed","ping_status":"closed","template":"","meta":[],"product_brand":[540],"product_cat":[80],"product_tag":[],"class_list":{"0":"post-12905","1":"product","2":"type-product","3":"status-publish","4":"has-post-thumbnail","6":"product_brand-hello-candle","7":"product_cat-bougies","9":"first","10":"instock","11":"taxable","12":"shipping-taxable","13":"purchasable","14":"product-type-simple"},"_links":{"self":[{"href":"https:\/\/jaimeconcept.ch\/en\/wp-json\/wp\/v2\/product\/12905","targetHints":{"allow":["GET"]}}],"collection":[{"href":"https:\/\/jaimeconcept.ch\/en\/wp-json\/wp\/v2\/product"}],"about":[{"href":"https:\/\/jaimeconcept.ch\/en\/wp-json\/wp\/v2\/types\/product"}],"replies":[{"embeddable":true,"href":"https:\/\/jaimeconcept.ch\/en\/wp-json\/wp\/v2\/comments?post=12905"}],"wp:featuredmedia":[{"embeddable":true,"href":"https:\/\/jaimeconcept.ch\/en\/wp-json\/wp\/v2\/media\/12889"}],"wp:attachment":[{"href":"https:\/\/jaimeconcept.ch\/en\/wp-json\/wp\/v2\/media?parent=12905"}],"wp:term":[{"taxonomy":"product_brand","embeddable":true,"href":"https:\/\/jaimeconcept.ch\/en\/wp-json\/wp\/v2\/product_brand?post=12905"},{"taxonomy":"product_cat","embeddable":true,"href":"https:\/\/jaimeconcept.ch\/en\/wp-json\/wp\/v2\/product_cat?post=12905"},{"taxonomy":"product_tag","embeddable":true,"href":"https:\/\/jaimeconcept.ch\/en\/wp-json\/wp\/v2\/product_tag?post=12905"}],"curies":[{"name":"wp","href":"https:\/\/api.w.org\/{rel}","templated":true}]}}