{"id":12901,"date":"2024-06-03T13:58:52","date_gmt":"2024-06-03T11:58:52","guid":{"rendered":"https:\/\/jaime-save.geekworkers.dev\/produit\/n91-passion-monoi-format-500ml\/"},"modified":"2026-05-07T17:53:32","modified_gmt":"2026-05-07T15:53:32","slug":"n91-passion-monoi-format-500ml","status":"publish","type":"product","link":"https:\/\/jaimeconcept.ch\/en\/product\/n91-passion-monoi-format-500ml\/","title":{"rendered":"N\u00b091 - Passion Mono\u00ef - Format : 500ml"},"content":{"rendered":"<p>Plongez dans une romance envo\u00fbtante avec notre parfum d&#8217;amour au mono\u00ef et fruit de la passion. Les notes suaves du mono\u00ef s&#8217;entrelacent avec la douceur acidul\u00e9e du fruit tropical, cr\u00e9ant une exp\u00e9rience olfactive qui \u00e9voque les promesses d&#8217;un amour infini. Une fragrance qui danse sur la peau comme un doux serment sous les \u00e9toiles de l\u2019\u00e9t\u00e9.<\/p>","protected":false},"excerpt":{"rendered":"<p>Les bougies &#8220;Hello Candle&#8221; sont coul\u00e9es \u00e0 la main en Suisse. Bougies parfum\u00e9es sans OGM et sans phtalate.<\/p>","protected":false},"featured_media":12872,"comment_status":"closed","ping_status":"closed","template":"","meta":[],"product_brand":[540],"product_cat":[80],"product_tag":[],"class_list":{"0":"post-12901","1":"product","2":"type-product","3":"status-publish","4":"has-post-thumbnail","6":"product_brand-hello-candle","7":"product_cat-bougies","8":"pa_fournisseur-hello-candle","10":"first","11":"outofstock","12":"taxable","13":"shipping-taxable","14":"purchasable","15":"product-type-simple"},"_links":{"self":[{"href":"https:\/\/jaimeconcept.ch\/en\/wp-json\/wp\/v2\/product\/12901","targetHints":{"allow":["GET"]}}],"collection":[{"href":"https:\/\/jaimeconcept.ch\/en\/wp-json\/wp\/v2\/product"}],"about":[{"href":"https:\/\/jaimeconcept.ch\/en\/wp-json\/wp\/v2\/types\/product"}],"replies":[{"embeddable":true,"href":"https:\/\/jaimeconcept.ch\/en\/wp-json\/wp\/v2\/comments?post=12901"}],"wp:featuredmedia":[{"embeddable":true,"href":"https:\/\/jaimeconcept.ch\/en\/wp-json\/wp\/v2\/media\/12872"}],"wp:attachment":[{"href":"https:\/\/jaimeconcept.ch\/en\/wp-json\/wp\/v2\/media?parent=12901"}],"wp:term":[{"taxonomy":"product_brand","embeddable":true,"href":"https:\/\/jaimeconcept.ch\/en\/wp-json\/wp\/v2\/product_brand?post=12901"},{"taxonomy":"product_cat","embeddable":true,"href":"https:\/\/jaimeconcept.ch\/en\/wp-json\/wp\/v2\/product_cat?post=12901"},{"taxonomy":"product_tag","embeddable":true,"href":"https:\/\/jaimeconcept.ch\/en\/wp-json\/wp\/v2\/product_tag?post=12901"}],"curies":[{"name":"wp","href":"https:\/\/api.w.org\/{rel}","templated":true}]}}