{"id":12898,"date":"2024-06-03T13:58:52","date_gmt":"2024-06-03T11:58:52","guid":{"rendered":"https:\/\/jaime-save.geekworkers.dev\/produit\/n85-bois-dolivier-format-180ml\/"},"modified":"2026-02-14T14:16:24","modified_gmt":"2026-02-14T13:16:24","slug":"n85-bois-dolivier-format-180ml","status":"publish","type":"product","link":"https:\/\/jaimeconcept.ch\/en\/product\/n85-bois-dolivier-format-180ml\/","title":{"rendered":"N\u00b085 - Olive Wood - Format : 180ml"},"content":{"rendered":"<p>Le bois d&#8217;olivier est un symbole de paix et de force. Les anciens Romains l\u2019utilisaient pour sculpter des symboles de victoire, cr\u00e9ant une aura de noblesse et de triomphe. Cette fragrance harmonise la noblesse du bois d&#8217;olivier avec des notes subtiles, \u00e9voquant la grandeur de l&#8217;histoire et la beaut\u00e9 intemporelle.<\/p>","protected":false},"excerpt":{"rendered":"<p>Les bougies &#8220;Hello Candle&#8221; sont coul\u00e9es \u00e0 la main en Suisse. Bougies parfum\u00e9es sans OGM et sans phtalate.<\/p>","protected":false},"featured_media":12875,"comment_status":"closed","ping_status":"closed","template":"","meta":[],"product_brand":[540],"product_cat":[80],"product_tag":[],"class_list":{"0":"post-12898","1":"product","2":"type-product","3":"status-publish","4":"has-post-thumbnail","6":"product_brand-hello-candle","7":"product_cat-bougies","8":"pa_fournisseur-hello-candle","10":"first","11":"instock","12":"taxable","13":"shipping-taxable","14":"purchasable","15":"product-type-simple"},"_links":{"self":[{"href":"https:\/\/jaimeconcept.ch\/en\/wp-json\/wp\/v2\/product\/12898","targetHints":{"allow":["GET"]}}],"collection":[{"href":"https:\/\/jaimeconcept.ch\/en\/wp-json\/wp\/v2\/product"}],"about":[{"href":"https:\/\/jaimeconcept.ch\/en\/wp-json\/wp\/v2\/types\/product"}],"replies":[{"embeddable":true,"href":"https:\/\/jaimeconcept.ch\/en\/wp-json\/wp\/v2\/comments?post=12898"}],"wp:featuredmedia":[{"embeddable":true,"href":"https:\/\/jaimeconcept.ch\/en\/wp-json\/wp\/v2\/media\/12875"}],"wp:attachment":[{"href":"https:\/\/jaimeconcept.ch\/en\/wp-json\/wp\/v2\/media?parent=12898"}],"wp:term":[{"taxonomy":"product_brand","embeddable":true,"href":"https:\/\/jaimeconcept.ch\/en\/wp-json\/wp\/v2\/product_brand?post=12898"},{"taxonomy":"product_cat","embeddable":true,"href":"https:\/\/jaimeconcept.ch\/en\/wp-json\/wp\/v2\/product_cat?post=12898"},{"taxonomy":"product_tag","embeddable":true,"href":"https:\/\/jaimeconcept.ch\/en\/wp-json\/wp\/v2\/product_tag?post=12898"}],"curies":[{"name":"wp","href":"https:\/\/api.w.org\/{rel}","templated":true}]}}