{"id":33662,"date":"2025-12-31T12:02:57","date_gmt":"2025-12-31T11:02:57","guid":{"rendered":"http:\/\/daniel"},"modified":"2025-12-31T12:02:57","modified_gmt":"2025-12-31T11:02:57","slug":"conditions-generales-de-vente","status":"publish","type":"page","link":"https:\/\/jaimeconcept.ch\/en\/conditions-generales-de-vente\/","title":{"rendered":"General terms and conditions of sale"},"content":{"rendered":"<p><u>Object<\/u><\/p>\n<p>These General Terms and Conditions of Sale (hereinafter: GTC) govern the rights and obligations of the parties in the context of online sales via the website <a href=\"https:\/\/jaime.geekworkers.dev\/\" rel=\"nofollow noopener\" target=\"_blank\">www.jaimeconcept.ch<\/a> offered by Jaime S\u00e0rl, whose registered office is at Rue des Boudines 3, 1217 Meyrin, Switzerland (hereinafter referred to as the seller).<\/p>\n<p><u>Buyer's address<\/u><\/p>\n<p>Only buyers domiciled in Switzerland may order products from the online shop.<\/p>\n<p><u>Buy<\/u><\/p>\n<p>Any order placed in the online shop (hereinafter referred to as a purchase) implies unreserved acceptance of these GTC by the purchaser.<\/p>\n<p><u>Products : flowers &amp; floral arrangements<\/u><\/p>\n<p>The images and descriptions published on the seller's website are provided for information purposes only. Given that the entire choice of flowers is not necessarily available on a daily basis, the seller reserves the right to modify the floral arrangement according to its available stock. The seller endeavours to respect the buyer's choice as closely as possible to the likeness of the floral arrangement in the photo chosen by the buyer. No claims will be accepted in the event of a change in the choice of flowers based on availability.<\/p>\n<p><u>Products : gifts and home decoration<\/u><\/p>\n<p>The images and descriptions of the products published on the seller's website are provided by the seller's suppliers. These data are useful for the potential buyer to obtain information before confirming the purchase.<\/p>\n<p><u>Confirmation<\/u><\/p>\n<p>All successfully completed purchases are subject to a purchase confirmation message and an e-mail confirming receipt of the purchase. If no order confirmation is received, the buyer should contact the seller directly on +41 22 980 09 09.<\/p>\n<p><u>Buy<\/u><\/p>\n<p>The sales contract is deemed to have been concluded when the purchase is confirmed. However, Jaime S\u00e0rl reserves the right to cancel the contract at any time, particularly in the event of stock being exhausted. The price paid by the buyer will be refunded to the exclusion of any other compensation or damages.<\/p>\n<p><u>Data relating to the delivery of flowers<\/u><\/p>\n<p>When placing an order, the purchaser attests to the truthfulness and accuracy of the information provided. The information communicated by the purchaser must be correct, complete and sufficient to enable the order to be properly executed and delivered. In the event of an error in the recipient's contact details, the seller cannot be held responsible for the impossibility of carrying out the delivery correctly.<\/p>\n<p><u>Absence of the recipient when flowers are delivered<\/u><\/p>\n<p>If the recipient is absent at the time of delivery, the delivery person will make every effort to contact the recipient on the telephone number given by the purchaser when the order was placed. If there is no response, the delivery person will try to find the best solution to allow the delivery to be completed in the best possible conditions (neighbour, caretaker, doorstep). The buyer expressly accepts this procedure. If delivery is not possible, the goods will be returned to the seller, who will make them available for collection by the buyer. An electronic message will inform the buyer of the place and time of collection.<\/p>\n<p><u>Delay in flower delivery<\/u><\/p>\n<p>In the event of a delay in delivery of more than 12 hours from the end of the time slot requested by the buyer, a request for reimbursement of the full amount of the order may be made, to the exclusion of any other damages or compensation. If the reason for the delay is attributable to the buyer, no claim may be made.<\/p>\n<p><u>Complaints following a flower delivery<\/u><\/p>\n<p>If the purchaser is not entirely satisfied with the quality of the service provided, he or she must submit a complaint within two days of the date of delivery by e-mail to <a href=\"\/en\/&\/#109;&#x61;i&#x6c;t&#111;&#x3a;&#105;&#x6e;f&#111;&#x40;&#106;&#x61;i&#x6d;&#x65;&#99;&#x6f;n&#x63;e&#112;&#x74;&#46;&#x63;h\">info@jaimeconcept.ch<\/a> adding any evidence to substantiate the claim (e.g. photos, etc).<\/p>\n<p><u>Prices<\/u><\/p>\n<p>Prices are given in Swiss francs (CHF), including VAT. Delivery costs are added to the basket price. The seller reserves the right to change prices at any time.<\/p>\n<p><u>Delivery (excluding flowers)<\/u><\/p>\n<p>During the week, orders placed before noon will be dispatched the same day. Orders placed after midday will be dispatched the following day. Deliveries are made by \u00abLa Poste\u00bb using PostPac Priority (delivery on the next working day).<\/p>\n<p><u>Payment<\/u><\/p>\n<p>Payment is possible by : Credit cards (VISA, Mastercard) and Twint.<\/p>\n<p><u>Exchanges, returns and cancellations (excluding flowers)<\/u><\/p>\n<p>If a product is not to the purchaser's liking, they have a period of 10 days from receipt of their order to notify their right of withdrawal. This objection must be made in writing (by email or post). The seller must confirm that it has received the objection before the buyer returns the goods to the seller in perfect condition and in their original packaging. The returns address is as follows: Jaime S\u00e0rl, Rue des Boudines 3, 1217 Meyrin (Switzerland).<\/p>\n<p>The cost of returning the goods shall be borne by the purchaser.<\/p>\n<p>If the buyer finds a defect in a product received, he\/she has 48 hours from receipt of the order to notify the seller. Any complaint will only be accepted by e-mail sent to <a href=\"\/en\/&\/#109;&#x61;&#105;&#x6c;&#116;&#x6f;&#58;&#x69;n&#x66;o&#x40;j&#x61;i&#109;&#x65;&#99;&#x6f;&#110;&#x63;&#101;&#x70;&#116;&#x2e;c&#x68;\">info@jaimeconcept.ch.<\/a><\/p>\n<p style=\"font-weight: 400;\"><strong><u>Floral workshops cancellation policy<\/u><\/strong><\/p>\n<p style=\"font-weight: 400;\"><strong>Floral workshops take place with a minimum of 3 participants. Failing this, the workshop will be postponed until the minimum number of participants has been reached.<\/strong><br \/>\n<strong>If you wish to cancel your registration, please send us an e-mail at least 5 days before the date of the workshop to\u00a0<a href=\"\/en\/&\/#x6d;&#97;i&#x6c;&#116;o&#x3a;&#x69;&#110;&#x66;&#x6f;&#64;j&#x61;&#105;m&#x65;&#x63;&#111;&#x6e;&#x63;&#101;p&#x74;&#46;c&#x68;\">info@jaimeconcept.ch<\/a>\u00a0in order to obtain a refund. If this is not the case, no refund can be requested and\/or made. Jaime S\u00e0rl reserves the right to cancel the order at any time, in which case the price paid by the buyer will be refunded, to the exclusion of any other compensation or damages.<\/strong><\/p>\n<p><u>Account management<\/u><\/p>\n<p>When creating his\/her account, the buyer confirms that he\/she is of legal age and responsible. They also confirm that their personal details are accurate. The buyer is solely responsible for access to his\/her account. The seller cannot be held responsible for fraudulent operations carried out by third parties.<\/p>\n<p><u>Data protection<\/u><\/p>\n<p>Subject to the provisions of these GTC to the contrary, the seller acknowledges the confidentiality of the information provided by the buyer when the order is placed and undertakes not to divulge this information to third parties.<\/p>\n<p>The buyer has the right to access and rectify any personal data concerning him\/her. To exercise this right, the buyer should contact the seller, providing proof of identity.<\/p>\n<p>For the rest, the provisions of the \u00abConfidentiality and data protection policy\u00bb form apply.<\/p>\n<p><u>Force majeure<\/u><\/p>\n<p>The seller may not be held liable if the non-performance or delay in performance of one of its obligations is due to force majeure.<\/p>\n<p><u>Intellectual property<\/u><\/p>\n<p>Any reproduction and\/or total or partial representation of elements belonging to the seller (website, photos, logo, etc.) is prohibited.<\/p>\n<p><u>Amendments to the GTC<\/u><\/p>\n<p>The seller may amend these GTC at any time. The version in force at the time the order is placed shall prevail in the contractual relationship between the buyer and the seller.<\/p>\n<p><u>Applicable law and place of jurisdiction<\/u><\/p>\n<p>In the event of a dispute, the GTC in force at the time of purchase shall be used as the legal basis. These GTC are governed by Swiss law, in particular by Articles 184 et seq. of the Swiss Code of Obligations, to the exclusion of any other foreign legislation.<\/p>\n<p>The place of jurisdiction is Geneva, Switzerland.<\/p>\n<p><em>Edition V2: 14.03.2023<\/em><\/p>","protected":false},"excerpt":{"rendered":"<p>Objet Les pr\u00e9sentes Conditions g\u00e9n\u00e9rales de vente (ci-apr\u00e8s : CG) r\u00e9gissent les droits et obligations des parties dans le cadre des ventes en ligne via le site internet www.jaimeconcept.ch propos\u00e9es par Jaime S\u00e0rl, ayant son si\u00e8ge\u00a0\u00e0 Rue des Boudines 3, 1217 Meyrin, Suisse (ci-apr\u00e8s vendeur). Domicile de l\u2019acheteur Seuls les acheteurs domicili\u00e9s en Suisse peuvent [&hellip;]<\/p>\n","protected":false},"author":7,"featured_media":0,"parent":0,"menu_order":0,"comment_status":"closed","ping_status":"closed","template":"","meta":{"footnotes":""},"class_list":["post-33662","page","type-page","status-publish","hentry"],"_links":{"self":[{"href":"https:\/\/jaimeconcept.ch\/en\/wp-json\/wp\/v2\/pages\/33662","targetHints":{"allow":["GET"]}}],"collection":[{"href":"https:\/\/jaimeconcept.ch\/en\/wp-json\/wp\/v2\/pages"}],"about":[{"href":"https:\/\/jaimeconcept.ch\/en\/wp-json\/wp\/v2\/types\/page"}],"author":[{"embeddable":true,"href":"https:\/\/jaimeconcept.ch\/en\/wp-json\/wp\/v2\/users\/7"}],"replies":[{"embeddable":true,"href":"https:\/\/jaimeconcept.ch\/en\/wp-json\/wp\/v2\/comments?post=33662"}],"version-history":[{"count":0,"href":"https:\/\/jaimeconcept.ch\/en\/wp-json\/wp\/v2\/pages\/33662\/revisions"}],"wp:attachment":[{"href":"https:\/\/jaimeconcept.ch\/en\/wp-json\/wp\/v2\/media?parent=33662"}],"curies":[{"name":"wp","href":"https:\/\/api.w.org\/{rel}","templated":true}]}}